{"id":98,"date":"2012-02-28T21:07:18","date_gmt":"2012-02-28T20:07:18","guid":{"rendered":"http:\/\/team-theater-holzkirchen.de\/wp\/?page_id=98"},"modified":"2024-04-08T14:22:11","modified_gmt":"2024-04-08T12:22:11","slug":"kontakt","status":"publish","type":"page","link":"http:\/\/team-theater-holzkirchen.de\/?page_id=98","title":{"rendered":"Kontakt"},"content":{"rendered":"<p style=\"text-align: left;\">Der Verein &#8222;Team Theater Holzkirchen e.V.&#8220; wird von einem Arbeitskollegium geleitet, dessen Mitglieder untereinander gleichberechtigt sind. In der folgenden Tabelle werden die Mitglieder des Arbeitskollegiums kurz vorgestellt.<\/p>\n<p>Und ganz wichtig: Wir freuen uns immer \u00fcber neue Gesichter, die gerne im Verein mitwirken wollen &#8211; ob vor oder hinter der B\u00fchne! Z\u00f6gern Sie nicht, eines der Arbeitskollegiumsmitglieder zu kontaktieren.<\/p>\n<p>\u200b<\/p>\n<table border=\"0\">\n<tbody>\n<tr>\n<th colspan=\"2\">Arbeitskollegiumsmitglieder (Aufgabenbereiche)<\/th>\n<th>Kontakt<\/th>\n<\/tr>\n<tr>\n<td width=\"150\"><a href=\"http:\/\/team-theater-holzkirchen.de\/wp\/wp-content\/uploads\/KingKongsT\u00f6chter_IMG04.jpg\"><img loading=\"lazy\" decoding=\"async\" class=\"size-full wp-image-712 aligncenter\" src=\"http:\/\/team-theater-holzkirchen.de\/wp\/wp-content\/uploads\/KingKongsT\u00f6chter_IMG04-300x199.jpg\" alt=\"KingKongsT\u00f6chter_IMG04\" width=\"150\" height=\"100\" \/><\/a><\/td>\n<td><strong>Max Arbeiter<\/strong><br \/>\n(Druckst\u00fccke)<\/td>\n<td>max.arbeiter@icloud.com<\/td>\n<\/tr>\n<tr>\n<td width=\"150\"><\/td>\n<td><strong>Lena Dessloch<\/strong><\/td>\n<td><a href=\"mailto:Dessloch-Lena@t-online.de\">Dessloch-Lena@t-online.de<\/a><\/td>\n<\/tr>\n<tr>\n<td width=\"150\"><\/td>\n<td><strong>Laura Kutter<br \/>\n<\/strong>(Kassenwartin)<\/td>\n<td><a href=\"mailto:teamtheater-kasse@web.de\">teamtheater-kasse@web.de<\/a><\/td>\n<\/tr>\n<tr>\n<td width=\"150\"><a href=\"http:\/\/team-theater-holzkirchen.de\/wp\/wp-content\/uploads\/AK_HH1.jpg\"><img loading=\"lazy\" decoding=\"async\" class=\"size-full wp-image-739 aligncenter\" title=\"AK_HH\" src=\"http:\/\/team-theater-holzkirchen.de\/wp\/wp-content\/uploads\/AK_HH1.jpg\" alt=\"\" width=\"150\" height=\"100\" \/><\/a><\/td>\n<td><strong>Helmut Hermann<\/strong><br \/>\n(Presse &amp; \u00d6ffentlichkeit)<\/td>\n<td><a href=\"mailto:mbsh.hermann@t-online.de\">mbsh.hermann@t-online.de<\/a><\/td>\n<\/tr>\n<tr>\n<td width=\"150\"><a href=\"http:\/\/team-theater-holzkirchen.de\/wp\/wp-content\/uploads\/AK_MK-e1711306582536.jpg\"><img loading=\"lazy\" decoding=\"async\" class=\"alignright size-full wp-image-1600\" src=\"http:\/\/team-theater-holzkirchen.de\/wp\/wp-content\/uploads\/AK_MK-e1711306582536.jpg\" alt=\"\" width=\"150\" height=\"100\" \/><\/a><\/td>\n<td><strong>Margarete Kutter<\/strong><br \/>\n(Schriftf\u00fchrerin)<\/td>\n<td><a href=\"mailto:margarete.kutter@freenet.de\">margarete.kutter@freenet.de<\/a><br \/>\n08024\/2058<\/td>\n<\/tr>\n<tr>\n<td width=\"150\"><a href=\"http:\/\/team-theater-holzkirchen.de\/wp\/wp-content\/uploads\/AK_AK.jpg\"><img loading=\"lazy\" decoding=\"async\" class=\"alignright size-full wp-image-1605\" src=\"http:\/\/team-theater-holzkirchen.de\/wp\/wp-content\/uploads\/AK_AK.jpg\" alt=\"\" width=\"150\" height=\"100\" \/><\/a><\/td>\n<td><strong>Anna\u00a0Kutter<\/strong><br \/>\n(Homepage)<\/td>\n<td><a href=\"mailto:annakutter@yahoo.de\">annakutter@yahoo.de<\/a><\/td>\n<\/tr>\n<tr>\n<td width=\"150\"><\/td>\n<td><b>Stephan Weisz<\/b><\/td>\n<td>\u00a0<a href=\"mailto:annemarie.schmirl@web.de\">stephan.weisz@t-online.de<\/a><\/td>\n<\/tr>\n<\/tbody>\n<\/table>\n","protected":false},"excerpt":{"rendered":"<p style=\"text-align: left;\">Der Verein &#8222;Team Theater Holzkirchen e.V.&#8220; wird von einem Arbeitskollegium geleitet, dessen Mitglieder untereinander gleichberechtigt sind. In der folgenden Tabelle werden die Mitglieder des Arbeitskollegiums kurz vorgestellt.<\/p>\n<p>Und ganz wichtig: Wir freuen uns immer \u00fcber neue Gesichter, die gerne im Verein mitwirken wollen &#8211; ob vor oder hinter der B\u00fchne! Z\u00f6gern Sie nicht, &hellip; <\/p>\n<p><a class=\"more-link btn\" href=\"http:\/\/team-theater-holzkirchen.de\/?page_id=98\">Weiterlesen<\/a><\/p>\n","protected":false},"author":1,"featured_media":0,"parent":0,"menu_order":9,"comment_status":"closed","ping_status":"closed","template":"template-twocolumnsleft.php","meta":{"footnotes":""},"class_list":["post-98","page","type-page","status-publish","hentry","nodate","item-wrap"],"_links":{"self":[{"href":"http:\/\/team-theater-holzkirchen.de\/index.php?rest_route=\/wp\/v2\/pages\/98","targetHints":{"allow":["GET"]}}],"collection":[{"href":"http:\/\/team-theater-holzkirchen.de\/index.php?rest_route=\/wp\/v2\/pages"}],"about":[{"href":"http:\/\/team-theater-holzkirchen.de\/index.php?rest_route=\/wp\/v2\/types\/page"}],"author":[{"embeddable":true,"href":"http:\/\/team-theater-holzkirchen.de\/index.php?rest_route=\/wp\/v2\/users\/1"}],"replies":[{"embeddable":true,"href":"http:\/\/team-theater-holzkirchen.de\/index.php?rest_route=%2Fwp%2Fv2%2Fcomments&post=98"}],"version-history":[{"count":80,"href":"http:\/\/team-theater-holzkirchen.de\/index.php?rest_route=\/wp\/v2\/pages\/98\/revisions"}],"predecessor-version":[{"id":1853,"href":"http:\/\/team-theater-holzkirchen.de\/index.php?rest_route=\/wp\/v2\/pages\/98\/revisions\/1853"}],"wp:attachment":[{"href":"http:\/\/team-theater-holzkirchen.de\/index.php?rest_route=%2Fwp%2Fv2%2Fmedia&parent=98"}],"curies":[{"name":"wp","href":"https:\/\/api.w.org\/{rel}","templated":true}]}}