{"id":771,"date":"2012-06-06T10:58:48","date_gmt":"2012-06-06T08:58:48","guid":{"rendered":"http:\/\/team-theater-holzkirchen.de\/?page_id=771"},"modified":"2015-06-18T15:16:09","modified_gmt":"2015-06-18T13:16:09","slug":"wanted","status":"publish","type":"page","link":"http:\/\/team-theater-holzkirchen.de\/?page_id=771","title":{"rendered":"Wanted"},"content":{"rendered":"<p>WANTED \u2013 Wir suchen Sie! Der Verein sucht immer neue Gesichter, die Lust haben, sich vor und hinter der B\u00fchne zu engagieren. Hier finden Sie eine kleine \u00dcbersicht \u00fcber Aufgaben, die in unserem Verein anfallen, und f\u00fcr die Sie sich vielleicht interessieren.<\/p>\n<p><strong>Schauspielern<\/strong> \u2013 Das TeamTheater Holzkirchen bringt einmal im Jahr, jeweils im Herbst, ein neues St\u00fcck zur Vorstellung. Der Verein ist ein Laientheater, d.h. nur \u201eHobby\u201cschauspieler stehen bei uns auf der B\u00fchne. Das sind oft langj\u00e4hrige Vereinsmitglieder, die nicht genug vom Spa\u00df am Schauspielern bekommen k\u00f6nnen, aber auch jedes Jahr neue Leute, die teilweise zum ersten Mal auf der B\u00fchne stehen. Falls auch Sie Lust haben, mal wieder oder zum ersten Mal ein Theaterst\u00fcck auf der B\u00fchne mitzugestalten, dann melden Sie sich doch bei uns!<\/p>\n<p><strong>Soufflieren<\/strong> \u2013 das Sicherheitsnetz der Schauspieler! Eine ganz besonders wichtige Rolle \u00fcbernehmen Souffleusen bei der Vorbereitung und Auff\u00fchrung. Genau wie die Schauspieler m\u00fcssen sie das St\u00fcck in der Vorbereitung kennen lernen und w\u00e4hrend der Auff\u00fchrungen mit dabei sein \u2013 ihr Vorteil: sie halten dabei die ganze Zeit das Drehbuch in der Hand, daf\u00fcr werden sie vielleicht oft von den Schauspielern beneidet. Allerdings tragen sie auch ein kleines St\u00fcck Verantwortung, jemanden mit einem \u201eH\u00e4nger\u201c wieder auf Spur zu bringen. Wollen Sie unser Souffleusen-Team unterst\u00fctzen? Dann melden Sie sich doch einfach.<\/p>\n<p><strong>Regie f\u00fchren\u00a0<\/strong>\u2013 nat\u00fcrlich sind auch wir als Laientheater auf professionelle Unterst\u00fctzung bei der Inszenierung angewiesen. Generell ist der objektive und alles \u00fcberschauende Blick von au\u00dfen sehr wichtig, um ein St\u00fcck zu einer \u201erunden Sache\u201c zu machen. Deshalb freuen wir uns auch immer \u00fcber neue oder wechselnde Regisseure, die unseren St\u00fccken Charakter verleihen. Haben Sie Regieerfahrung oder ein H\u00e4ndchen daf\u00fcr? Wir freuen uns auf Sie.<\/p>\n<p><strong>B\u00fchnenbau und Requisite<\/strong> \u2013 ein sch\u00f6nes B\u00fchnenbild und effektvolle B\u00fchnentechnik lassen ein St\u00fcck erst so richtig eindrucksvoll werden. Und nat\u00fcrlich braucht es Personen, die sich darum k\u00fcmmern. Zimmern und Malern von B\u00fchnenelementen, die Organisation der kleinen Details und Requisiten f\u00fcr die Schauspieler und die Auswahl und Bedienung von Licht und Ton sind Aufgaben, die hier anfallen. H\u00e4tten Sie an einer dieser Aufgaben Lust? Dann auf, zum Team-Theater!<\/p>\n<p><strong>Maske<\/strong> \u2013 nat\u00fcrlich m\u00fcssen die Schauspieler f\u00fcr die B\u00fchne mit dem passenden Make-up, Frisur und Kost\u00fcm ausgestattet werden. Um im grellen Scheinwerferlicht nicht blass auszusehen, bedarf es n\u00e4mlich mehr als eines sch\u00f6nen Alltags-Outfits. Daf\u00fcr sorgen unsere \u201eSchminkdamen und -herren\u201c. Haben Sie Talent und Lust zum \u201eversch\u00f6nern\u201c, \u201everh\u00e4\u00dflichen\u201c oder \u201ever\u00e4ndern\u201c? Dann melden Sie sich bei uns! Au\u00dferdem bereichert der Verein das Marktleben oft mit Kinderschmink-Aktionen. Auch hierf\u00fcr suchen wir immer und gerne neue Leute.<\/p>\n<p><strong>Organisieren<\/strong> \u2013 die Auff\u00fchrung eines Theaterst\u00fccks muss gut geplant werden. Was hilft ein sch\u00f6n inszeniertes St\u00fcck, wenn es keinen Raum und keine Zuschauer gibt? Rund um die Planung und Vorbereitung fallen immer jede Menge sehr wichtige Aufgaben an: Gestaltung von Werbematerialien, Entwurf und Gestaltung von Druckst\u00fccken, Anwerbung von Sponsoren, Terminplanung, Buchung der Proben- und Vorstellungsr\u00e4ume und vieles mehr. Machen Ihnen solche Aufgaben Spa\u00df? Dann leihen Sie uns doch Ihr Talent!<\/p>\n<p>&nbsp;<\/p>\n<p>Der Verein unterst\u00fctzt seine Mitglieder und langj\u00e4hrigen Helfer in der fachlichen Weiterentwicklung \u2013 regelm\u00e4\u00dfig schicken wir daher Personen auf Weiterbildungen f\u00fcr z.B. Theatermaske, Regie, Schauspiel, B\u00fchnenbild und vieles mehr.<\/p>\n","protected":false},"excerpt":{"rendered":"<p>WANTED \u2013 Wir suchen Sie! Der Verein sucht immer neue Gesichter, die Lust haben, sich vor und hinter der B\u00fchne zu engagieren. Hier finden Sie eine kleine \u00dcbersicht \u00fcber Aufgaben, die in unserem Verein anfallen, und f\u00fcr die Sie sich vielleicht interessieren.<\/p>\n<p><strong>Schauspielern<\/strong> \u2013 Das TeamTheater Holzkirchen bringt einmal im Jahr, jeweils im Herbst, ein &hellip; <\/p>\n<p><a class=\"more-link btn\" href=\"http:\/\/team-theater-holzkirchen.de\/?page_id=771\">Weiterlesen<\/a><\/p>\n","protected":false},"author":1,"featured_media":0,"parent":0,"menu_order":0,"comment_status":"closed","ping_status":"closed","template":"template-twocolumnsleft.php","meta":{"footnotes":""},"class_list":["post-771","page","type-page","status-publish","hentry","nodate","item-wrap"],"_links":{"self":[{"href":"http:\/\/team-theater-holzkirchen.de\/index.php?rest_route=\/wp\/v2\/pages\/771","targetHints":{"allow":["GET"]}}],"collection":[{"href":"http:\/\/team-theater-holzkirchen.de\/index.php?rest_route=\/wp\/v2\/pages"}],"about":[{"href":"http:\/\/team-theater-holzkirchen.de\/index.php?rest_route=\/wp\/v2\/types\/page"}],"author":[{"embeddable":true,"href":"http:\/\/team-theater-holzkirchen.de\/index.php?rest_route=\/wp\/v2\/users\/1"}],"replies":[{"embeddable":true,"href":"http:\/\/team-theater-holzkirchen.de\/index.php?rest_route=%2Fwp%2Fv2%2Fcomments&post=771"}],"version-history":[{"count":22,"href":"http:\/\/team-theater-holzkirchen.de\/index.php?rest_route=\/wp\/v2\/pages\/771\/revisions"}],"predecessor-version":[{"id":1487,"href":"http:\/\/team-theater-holzkirchen.de\/index.php?rest_route=\/wp\/v2\/pages\/771\/revisions\/1487"}],"wp:attachment":[{"href":"http:\/\/team-theater-holzkirchen.de\/index.php?rest_route=%2Fwp%2Fv2%2Fmedia&parent=771"}],"curies":[{"name":"wp","href":"https:\/\/api.w.org\/{rel}","templated":true}]}}