{"id":1877,"date":"2026-03-04T12:16:16","date_gmt":"2026-03-04T11:16:16","guid":{"rendered":"http:\/\/team-theater-holzkirchen.de\/?page_id=1877"},"modified":"2026-03-04T12:17:50","modified_gmt":"2026-03-04T11:17:50","slug":"2025-der-hochzeitstag-oder-es-bleibt-ja-in-der-familie","status":"publish","type":"page","link":"http:\/\/team-theater-holzkirchen.de\/?page_id=1877","title":{"rendered":"2025 &#8211; Der Hochzeitstag oder Es bleibt ja in der Familie"},"content":{"rendered":"\n<p>von <strong>Ralf Sperling<\/strong><\/p>\n\n\n\n<p>Seit der Scheidung von seiner Frau Corinna wohnt Jens Meurer mit seinem Sohn Tim allein in ihrer Wohnung. Heute gestehen sich Jens und Tim, dass sie beide seit einiger Zeit wieder in einer Beziehung zu einer Frau sind. Jens Idee, sich heute noch mit den Partnern zu treffen und sich gegenseitig kennenzulernen, st\u00f6\u00dft bei Tim nicht sonderlich auf Zustimmung, aber genervt sagt er zu. Auch Beate Thalbach, die seit ihrer Scheidung von ihrem Mann Andr\u00e9 alleine mit ihrer Tochter Anke wohnt, gesteht heute ihrer Tochter, einen neuen Lebensgef\u00e4hrten zu haben. Und auch die Tochter ist seit einiger Zeit nicht mehr Single. Und so treffen sich alle auf einmal in Jens Wohnung und m\u00fcssen feststellen, dass einige Konstellationen in ihren Beziehungen zumindest schwierig sind.<\/p>\n\n\n\n<p>Mit diesem witzigen Inhalt k\u00f6nnte es eigentlich ein vergn\u00fcgliches Theaterst\u00fcck und ein sch\u00f6ner Abend f\u00fcr Schauspieler und Publikum werden, w\u00e4re nicht einer der Hauptdarsteller ausgerechnet heute ausgefallen. Es muss Ersatz her! Ob es allerdings eine gute Idee ist, daf\u00fcr Georg Schmitz, einen der Zuschauer auszuw\u00e4hlen, wird sich zeigen&#8230;<\/p>\n","protected":false},"excerpt":{"rendered":"<p>von <strong>Ralf Sperling<\/strong><\/p>\n<p>Seit der Scheidung von seiner Frau Corinna wohnt Jens Meurer mit seinem Sohn Tim allein in ihrer Wohnung. Heute gestehen sich Jens und Tim, dass sie beide seit einiger Zeit wieder in einer Beziehung zu einer Frau sind. Jens Idee, sich heute noch mit den Partnern zu treffen und sich gegenseitig kennenzulernen, &hellip; <\/p>\n<p><a class=\"more-link btn\" href=\"http:\/\/team-theater-holzkirchen.de\/?page_id=1877\">Weiterlesen<\/a><\/p>\n","protected":false},"author":1,"featured_media":1878,"parent":32,"menu_order":-37,"comment_status":"closed","ping_status":"closed","template":"","meta":{"footnotes":""},"class_list":["post-1877","page","type-page","status-publish","has-post-thumbnail","hentry","nodate","item-wrap"],"_links":{"self":[{"href":"http:\/\/team-theater-holzkirchen.de\/index.php?rest_route=\/wp\/v2\/pages\/1877","targetHints":{"allow":["GET"]}}],"collection":[{"href":"http:\/\/team-theater-holzkirchen.de\/index.php?rest_route=\/wp\/v2\/pages"}],"about":[{"href":"http:\/\/team-theater-holzkirchen.de\/index.php?rest_route=\/wp\/v2\/types\/page"}],"author":[{"embeddable":true,"href":"http:\/\/team-theater-holzkirchen.de\/index.php?rest_route=\/wp\/v2\/users\/1"}],"replies":[{"embeddable":true,"href":"http:\/\/team-theater-holzkirchen.de\/index.php?rest_route=%2Fwp%2Fv2%2Fcomments&post=1877"}],"version-history":[{"count":1,"href":"http:\/\/team-theater-holzkirchen.de\/index.php?rest_route=\/wp\/v2\/pages\/1877\/revisions"}],"predecessor-version":[{"id":1879,"href":"http:\/\/team-theater-holzkirchen.de\/index.php?rest_route=\/wp\/v2\/pages\/1877\/revisions\/1879"}],"up":[{"embeddable":true,"href":"http:\/\/team-theater-holzkirchen.de\/index.php?rest_route=\/wp\/v2\/pages\/32"}],"wp:featuredmedia":[{"embeddable":true,"href":"http:\/\/team-theater-holzkirchen.de\/index.php?rest_route=\/wp\/v2\/media\/1878"}],"wp:attachment":[{"href":"http:\/\/team-theater-holzkirchen.de\/index.php?rest_route=%2Fwp%2Fv2%2Fmedia&parent=1877"}],"curies":[{"name":"wp","href":"https:\/\/api.w.org\/{rel}","templated":true}]}}