{"id":1802,"date":"2023-10-04T08:16:55","date_gmt":"2023-10-04T06:16:55","guid":{"rendered":"http:\/\/team-theater-holzkirchen.de\/?page_id=1802"},"modified":"2023-10-04T08:18:06","modified_gmt":"2023-10-04T06:18:06","slug":"2023-hey-joe","status":"publish","type":"page","link":"http:\/\/team-theater-holzkirchen.de\/?page_id=1802","title":{"rendered":"2023 &#8211; Hey Joe!"},"content":{"rendered":"<p>von <strong>Dirk Salzbrunn<\/strong><a href=\"http:\/\/team-theater-holzkirchen.de\/wp\/wp-content\/uploads\/2023_Plakat_HeyJoe.jpg\"><img loading=\"lazy\" decoding=\"async\" class=\"wp-image-1804 alignright\" src=\"http:\/\/team-theater-holzkirchen.de\/wp\/wp-content\/uploads\/2023_Plakat_HeyJoe.jpg\" alt=\"\" width=\"274\" height=\"388\" srcset=\"http:\/\/team-theater-holzkirchen.de\/wp\/wp-content\/uploads\/2023_Plakat_HeyJoe.jpg 724w, http:\/\/team-theater-holzkirchen.de\/wp\/wp-content\/uploads\/2023_Plakat_HeyJoe-212x300.jpg 212w\" sizes=\"auto, (max-width: 274px) 100vw, 274px\" \/><\/a><\/p>\n<p>Es gibt sie auf vielen kleinen und gr\u00f6\u00dferen D\u00f6rfern. Die kleinen Autowerkst\u00e4tten mit angegliederter Tankstelle. Oft sind diese Tankstellen fast schon so etwas wie &#8222;Minikneipen&#8220;!<\/p>\n<p>So ein &#8222;Ort der Begegnung&#8220; ist auch &#8222;Joe\u2019s Werkstatt und Tankstelle&#8220;.<\/p>\n<p>Joe ist sauer. Im bayerischen Oberau, ist Feiertag, w\u00e4hrend drei Kilometer weiter, im badischen Niederau, ein ganz normaler Arbeitstag beginnt. Dieser Umstand ist Grund genug f\u00fcr Joe, den ganzen Tag zu &#8222;granteln&#8220;. Ein &#8222;Notfall&#8220; nach dem anderen setzt ihm geh\u00f6rig zu. Ein Ehepaar auf dem Weg in den Urlaub bleibt mit einer Reifenpanne in der N\u00e4he seiner Werkstatt liegen. Ein junges P\u00e4rchen taucht auf, das die Benzinrechnung nicht bezahlen kann. Ein &#8222;Rocker&#8220; wartet voller Ungeduld auf die Reparatur seines zweir\u00e4drigen &#8222;Lieblings&#8220;. Eine Ministerin hat auf der Fahrt zu einer Wahlveranstaltung Probleme mit ihrem Dienstwagen&#8230;<\/p>\n<p>Das &#8222;Schicksal&#8220; f\u00fchrt diese Menschen in &#8222;Joe\u2019s Werkstatt\u201c.<\/p>\n","protected":false},"excerpt":{"rendered":"<p>von <strong>Dirk Salzbrunn<\/strong><a href=\"http:\/\/team-theater-holzkirchen.de\/wp\/wp-content\/uploads\/2023_Plakat_HeyJoe.jpg\"><\/a><\/p>\n<p>Es gibt sie auf vielen kleinen und gr\u00f6\u00dferen D\u00f6rfern. Die kleinen Autowerkst\u00e4tten mit angegliederter Tankstelle. Oft sind diese Tankstellen fast schon so etwas wie &#8222;Minikneipen&#8220;!<\/p>\n<p>So ein &#8222;Ort der Begegnung&#8220; ist auch &#8222;Joe\u2019s Werkstatt und Tankstelle&#8220;.<\/p>\n<p>Joe ist sauer. Im bayerischen Oberau, ist Feiertag, w\u00e4hrend drei Kilometer weiter, im badischen Niederau, &hellip; <\/p>\n<p><a class=\"more-link btn\" href=\"http:\/\/team-theater-holzkirchen.de\/?page_id=1802\">Weiterlesen<\/a><\/p>\n","protected":false},"author":1,"featured_media":1804,"parent":32,"menu_order":-35,"comment_status":"closed","ping_status":"closed","template":"","meta":{"footnotes":""},"class_list":["post-1802","page","type-page","status-publish","has-post-thumbnail","hentry","nodate","item-wrap"],"_links":{"self":[{"href":"http:\/\/team-theater-holzkirchen.de\/index.php?rest_route=\/wp\/v2\/pages\/1802","targetHints":{"allow":["GET"]}}],"collection":[{"href":"http:\/\/team-theater-holzkirchen.de\/index.php?rest_route=\/wp\/v2\/pages"}],"about":[{"href":"http:\/\/team-theater-holzkirchen.de\/index.php?rest_route=\/wp\/v2\/types\/page"}],"author":[{"embeddable":true,"href":"http:\/\/team-theater-holzkirchen.de\/index.php?rest_route=\/wp\/v2\/users\/1"}],"replies":[{"embeddable":true,"href":"http:\/\/team-theater-holzkirchen.de\/index.php?rest_route=%2Fwp%2Fv2%2Fcomments&post=1802"}],"version-history":[{"count":3,"href":"http:\/\/team-theater-holzkirchen.de\/index.php?rest_route=\/wp\/v2\/pages\/1802\/revisions"}],"predecessor-version":[{"id":1806,"href":"http:\/\/team-theater-holzkirchen.de\/index.php?rest_route=\/wp\/v2\/pages\/1802\/revisions\/1806"}],"up":[{"embeddable":true,"href":"http:\/\/team-theater-holzkirchen.de\/index.php?rest_route=\/wp\/v2\/pages\/32"}],"wp:featuredmedia":[{"embeddable":true,"href":"http:\/\/team-theater-holzkirchen.de\/index.php?rest_route=\/wp\/v2\/media\/1804"}],"wp:attachment":[{"href":"http:\/\/team-theater-holzkirchen.de\/index.php?rest_route=%2Fwp%2Fv2%2Fmedia&parent=1802"}],"curies":[{"name":"wp","href":"https:\/\/api.w.org\/{rel}","templated":true}]}}