{"id":1755,"date":"2020-10-26T08:58:44","date_gmt":"2020-10-26T07:58:44","guid":{"rendered":"http:\/\/team-theater-holzkirchen.de\/?page_id=1755"},"modified":"2023-10-04T08:07:41","modified_gmt":"2023-10-04T06:07:41","slug":"2020-theater","status":"publish","type":"page","link":"http:\/\/team-theater-holzkirchen.de\/?page_id=1755","title":{"rendered":"2020, 2021 &#038; 2022 &#8211; Theater"},"content":{"rendered":"<p>von <strong>Peter Landstorfer<\/strong><\/p>\n<p>Dorfwirt Simon Wallner versteht die Welt nicht mehr: Wie immer hat er als <a href=\"http:\/\/team-theater-holzkirchen.de\/wp\/wp-content\/uploads\/Plakat_2020_Theater.jpg\"><img loading=\"lazy\" decoding=\"async\" class=\"alignright size-medium wp-image-1757\" src=\"http:\/\/team-theater-holzkirchen.de\/wp\/wp-content\/uploads\/Plakat_2020_Theater-212x300.jpg\" alt=\"\" width=\"212\" height=\"300\" srcset=\"http:\/\/team-theater-holzkirchen.de\/wp\/wp-content\/uploads\/Plakat_2020_Theater-212x300.jpg 212w, http:\/\/team-theater-holzkirchen.de\/wp\/wp-content\/uploads\/Plakat_2020_Theater-768x1086.jpg 768w, http:\/\/team-theater-holzkirchen.de\/wp\/wp-content\/uploads\/Plakat_2020_Theater-724x1024.jpg 724w, http:\/\/team-theater-holzkirchen.de\/wp\/wp-content\/uploads\/Plakat_2020_Theater.jpg 1240w\" sizes=\"auto, (max-width: 212px) 100vw, 212px\" \/><\/a>Regisseur und Vorsitzender der \u00f6rtlichen Laienspielgruppe das B\u00fchnenst\u00fcck f\u00fcr die allj\u00e4hrliche Auff\u00fchrung im Wirtshaus-Saal ausgesucht. \u201eTheater muss lustig sein!\u201c, lautet hierbei einzig und allein Wallners Auswahlkriterium.<\/p>\n<p>Doch die d\u00f6rfliche Schauspielgruppe strebt nach H\u00f6herem und m\u00f6chte diesmal ein niveauvolles St\u00fcck mit Tiefgang auf die B\u00fchne bringen \u2013 f\u00fcr Wallner v\u00f6llig unverst\u00e4ndlich. In der ersten Versammlung zur neuen Theatersaison pr\u00e4sentiert er seinen Schauspielern voller Euphorie das neue B\u00fchnenst\u00fcck \u201c Die grobe Zenz von Dampfing\u201c \u2013 wie immer ein \u201erichtiger Schenkelklopfer\u201c, wie er bekr\u00e4ftigt.<\/p>\n<p>Die erwartete freudige Reaktion bleibt allerdings aus: Vielmehr hat sich die Schauspielgruppe hinter Wallners R\u00fccken bereits das Textheft f\u00fcr das Heimat-Drama \u201eDer Austrag\u201c beschafft. Nachdem Wallner umgestimmt werden konnte, dieses Jahr ein Drama aufzuf\u00fchren, werden Zweifel laut, ob er als Regisseur f\u00fcr dieses schauspielerisch schwierige St\u00fcck \u00fcberhaupt geeignet sei.<\/p>\n<p>F\u00fcr professionelle Unterst\u00fctzung hat die quirlige Gruppe im Vorfeld schon gesorgt: Ein Spezl wird als Profi-Regisseur ins Boot geholt. Um Wallner nicht zu kr\u00e4nken, wird Wallner dieser als sein \u201eRegie-Assistent\u201c verkauft. Schon in der ersten Probe \u00fcbernimmt der Neue das Regie-Zepter und bringt den Laienschauspielern zuerst das grundlegende Handwerkszeug f\u00fcr die Theaterb\u00fchne bei. \u201eDer Austrag\u201c soll schlie\u00dflich ein richtiger B\u00fchnenerfolg werden.<\/p>\n<p>Es beginnt eine harte Probenzeit mit Streitereien, Eifers\u00fcchteleien aber auch mit viel Spa\u00df. Als dann der Premierentag gekommen ist, \u00f6ffnet sich der B\u00fchnenvorhang, doch bis er sich wieder schlie\u00dft, passiert so einiges hinter der B\u00fchne\u2026<\/p>\n","protected":false},"excerpt":{"rendered":"<p>von <strong>Peter Landstorfer<\/strong><\/p>\n<p>Dorfwirt Simon Wallner versteht die Welt nicht mehr: Wie immer hat er als <a href=\"http:\/\/team-theater-holzkirchen.de\/wp\/wp-content\/uploads\/Plakat_2020_Theater.jpg\"><\/a>Regisseur und Vorsitzender der \u00f6rtlichen Laienspielgruppe das B\u00fchnenst\u00fcck f\u00fcr die allj\u00e4hrliche Auff\u00fchrung im Wirtshaus-Saal ausgesucht. \u201eTheater muss lustig sein!\u201c, lautet hierbei einzig und allein Wallners Auswahlkriterium.<\/p>\n<p>Doch die d\u00f6rfliche Schauspielgruppe strebt nach H\u00f6herem und m\u00f6chte diesmal ein niveauvolles &hellip; <\/p>\n<p><a class=\"more-link btn\" href=\"http:\/\/team-theater-holzkirchen.de\/?page_id=1755\">Weiterlesen<\/a><\/p>\n","protected":false},"author":1,"featured_media":0,"parent":32,"menu_order":-34,"comment_status":"closed","ping_status":"closed","template":"template-twocolumnsleft.php","meta":{"footnotes":""},"class_list":["post-1755","page","type-page","status-publish","hentry","nodate","item-wrap"],"_links":{"self":[{"href":"http:\/\/team-theater-holzkirchen.de\/index.php?rest_route=\/wp\/v2\/pages\/1755","targetHints":{"allow":["GET"]}}],"collection":[{"href":"http:\/\/team-theater-holzkirchen.de\/index.php?rest_route=\/wp\/v2\/pages"}],"about":[{"href":"http:\/\/team-theater-holzkirchen.de\/index.php?rest_route=\/wp\/v2\/types\/page"}],"author":[{"embeddable":true,"href":"http:\/\/team-theater-holzkirchen.de\/index.php?rest_route=\/wp\/v2\/users\/1"}],"replies":[{"embeddable":true,"href":"http:\/\/team-theater-holzkirchen.de\/index.php?rest_route=%2Fwp%2Fv2%2Fcomments&post=1755"}],"version-history":[{"count":5,"href":"http:\/\/team-theater-holzkirchen.de\/index.php?rest_route=\/wp\/v2\/pages\/1755\/revisions"}],"predecessor-version":[{"id":1801,"href":"http:\/\/team-theater-holzkirchen.de\/index.php?rest_route=\/wp\/v2\/pages\/1755\/revisions\/1801"}],"up":[{"embeddable":true,"href":"http:\/\/team-theater-holzkirchen.de\/index.php?rest_route=\/wp\/v2\/pages\/32"}],"wp:attachment":[{"href":"http:\/\/team-theater-holzkirchen.de\/index.php?rest_route=%2Fwp%2Fv2%2Fmedia&parent=1755"}],"curies":[{"name":"wp","href":"https:\/\/api.w.org\/{rel}","templated":true}]}}