{"id":166,"date":"2012-02-28T21:56:11","date_gmt":"2012-02-28T20:56:11","guid":{"rendered":"http:\/\/team-theater-holzkirchen.de\/wp\/?page_id=166"},"modified":"2012-02-29T15:52:41","modified_gmt":"2012-02-29T14:52:41","slug":"2011-top-dogs-2","status":"publish","type":"page","link":"http:\/\/team-theater-holzkirchen.de\/?page_id=166","title":{"rendered":"2011 &#8211; Top Dogs"},"content":{"rendered":"<p><a href=\"http:\/\/team-theater-holzkirchen.de\/wp\/wp-content\/uploads\/2011_Plakat_TopDogs2.jpg\" target=\"_blank\"><img loading=\"lazy\" decoding=\"async\" class=\"alignright  wp-image-204\" title=\"2011_Plakat_TopDogs\" src=\"http:\/\/team-theater-holzkirchen.de\/wp\/wp-content\/uploads\/2011_Plakat_TopDogs2.jpg\" alt=\"\" width=\"254\" height=\"360\" srcset=\"http:\/\/team-theater-holzkirchen.de\/wp\/wp-content\/uploads\/2011_Plakat_TopDogs2.jpg 423w, http:\/\/team-theater-holzkirchen.de\/wp\/wp-content\/uploads\/2011_Plakat_TopDogs2-211x300.jpg 211w\" sizes=\"auto, (max-width: 254px) 100vw, 254px\" \/><\/a><strong>von Urs Wirmer<\/strong><\/p>\n<p>Das zeitgen\u00f6ssische Drama Top Dogs von Urs Widmer, das 1997 im Verlag der Autoren erschienen ist und in den letzten Jahren mehrfach ausgezeichnet wurde, besch\u00e4ftigt sich mit gek\u00fcndigten Topmanagern, die der v\u00f6lligen Entfremdung von ihrem Beruf, ihrem Privatleben und sich selbst zum Opfer gefallen sind und nun mit Hilfe der New Challenge Company versuchen, ihr Leben in den Griff zu bekommen und m\u00f6glichst schnell einen neuen Job zu erhalten.<\/p>\n<p>Der Schweizer Autor Urs Widmer hat sich in dem Theaterst\u00fcck &#8222;Topdogs&#8220; den Managern angenommen und ihre Pers\u00f6nlichkeitsstruktur durchleuchtet. Der Terminus &#8222;Topdogs&#8220; markiert dabei den Unterschied zum &#8222;Underdog&#8220; des gew\u00f6hnlichen, eher gering qualifizierten Arbeitslosen. Hier geht es um Spitzenmanager Top Dogs), die im Zuge global bedingter Umstrukturierungen entlassen wurden und die sich jetzt in einem Z\u00fcrcher Outplacement-B\u00fcro zusammengefunden haben &#8211; zwecks Schockabfederung, Entt\u00e4uschungsverarbeitung und sp\u00e4terer beruflicher Reintegration. Die &#8222;Outplacement&#8220;-Firma&#8220; gibt vor, die entlassenen Manager wieder zu Macht und Ansehen zu verhelfen. Es trifft sich eine Gruppe von M\u00e4nnern und Frauen mit den deutlichen Merkmalen des &#8222;Business&#8220;: Zweireiher, graues Kost\u00fcm, distanziert-\u00fcberlegener Gesichtsausdruck.<\/p>\n<p>In TOP DOGS st\u00fcrzen die Erfolgreichen. Diese Art Fortkommen, zeigt Widmer mit hinterh\u00e4ltig verst\u00e4ndnisvollem Humor, steht inzwischen auch nur eine Handbreit vorm Fenstersturz. Gleich hinter den Wohlstandsburgen, den Porsches und Handys, in der n\u00e4chsten Spalte heute noch \u00fcberquellender Terminkalender &#8211; da beginnt ein w\u00fcstes Land.&#8220; (Franz Wille) &#8222;Urs Widmer beherrscht es, die Schrauben im Kopf seiner Figuren immer noch eine Drehung weiter hineinzutreiben. Da h\u00f6rt der Spa\u00df dann ziemlich abrupt auf, aus dem Wechselspiel von beklemmender Komik und komischer Beklemmung entsteht ein Ernst, der vom Spiel nicht mehr zu trennen ist.&#8220; (Theater heute) &#8222;Ein High-Light polit-\u00f6konomischen Theaters.&#8220;<\/p>\n<p>(Quelle: theater pur)<\/p>\n","protected":false},"excerpt":{"rendered":"<p><a href=\"http:\/\/team-theater-holzkirchen.de\/wp\/wp-content\/uploads\/2011_Plakat_TopDogs2.jpg\" target=\"_blank\"><\/a><strong>von Urs Wirmer<\/strong><\/p>\n<p>Das zeitgen\u00f6ssische Drama Top Dogs von Urs Widmer, das 1997 im Verlag der Autoren erschienen ist und in den letzten Jahren mehrfach ausgezeichnet wurde, besch\u00e4ftigt sich mit gek\u00fcndigten Topmanagern, die der v\u00f6lligen Entfremdung von ihrem Beruf, ihrem Privatleben und sich selbst zum Opfer gefallen sind und nun mit Hilfe der &hellip; <\/p>\n<p><a class=\"more-link btn\" href=\"http:\/\/team-theater-holzkirchen.de\/?page_id=166\">Weiterlesen<\/a><\/p>\n","protected":false},"author":1,"featured_media":0,"parent":32,"menu_order":-25,"comment_status":"closed","ping_status":"closed","template":"template-twocolumnsleft.php","meta":{"footnotes":""},"class_list":["post-166","page","type-page","status-publish","hentry","nodate","item-wrap"],"_links":{"self":[{"href":"http:\/\/team-theater-holzkirchen.de\/index.php?rest_route=\/wp\/v2\/pages\/166","targetHints":{"allow":["GET"]}}],"collection":[{"href":"http:\/\/team-theater-holzkirchen.de\/index.php?rest_route=\/wp\/v2\/pages"}],"about":[{"href":"http:\/\/team-theater-holzkirchen.de\/index.php?rest_route=\/wp\/v2\/types\/page"}],"author":[{"embeddable":true,"href":"http:\/\/team-theater-holzkirchen.de\/index.php?rest_route=\/wp\/v2\/users\/1"}],"replies":[{"embeddable":true,"href":"http:\/\/team-theater-holzkirchen.de\/index.php?rest_route=%2Fwp%2Fv2%2Fcomments&post=166"}],"version-history":[{"count":12,"href":"http:\/\/team-theater-holzkirchen.de\/index.php?rest_route=\/wp\/v2\/pages\/166\/revisions"}],"predecessor-version":[{"id":328,"href":"http:\/\/team-theater-holzkirchen.de\/index.php?rest_route=\/wp\/v2\/pages\/166\/revisions\/328"}],"up":[{"embeddable":true,"href":"http:\/\/team-theater-holzkirchen.de\/index.php?rest_route=\/wp\/v2\/pages\/32"}],"wp:attachment":[{"href":"http:\/\/team-theater-holzkirchen.de\/index.php?rest_route=%2Fwp%2Fv2%2Fmedia&parent=166"}],"curies":[{"name":"wp","href":"https:\/\/api.w.org\/{rel}","templated":true}]}}