{"id":1645,"date":"2019-11-26T10:57:55","date_gmt":"2019-11-26T09:57:55","guid":{"rendered":"http:\/\/team-theater-holzkirchen.de\/?page_id=1645"},"modified":"2019-11-26T15:19:42","modified_gmt":"2019-11-26T14:19:42","slug":"2017-gute-geister","status":"publish","type":"page","link":"http:\/\/team-theater-holzkirchen.de\/?page_id=1645","title":{"rendered":"2017 &#8211; Gute Geister"},"content":{"rendered":"<p><strong>Pam Valentine<\/strong><\/p>\n<p><a href=\"http:\/\/team-theater-holzkirchen.de\/wp\/wp-content\/uploads\/2017_Plakat_GuteGeister.jpeg\"><img loading=\"lazy\" decoding=\"async\" class=\"alignright size-medium wp-image-1740\" src=\"http:\/\/team-theater-holzkirchen.de\/wp\/wp-content\/uploads\/2017_Plakat_GuteGeister-212x300.jpeg\" alt=\"\" width=\"212\" height=\"300\" srcset=\"http:\/\/team-theater-holzkirchen.de\/wp\/wp-content\/uploads\/2017_Plakat_GuteGeister-212x300.jpeg 212w, http:\/\/team-theater-holzkirchen.de\/wp\/wp-content\/uploads\/2017_Plakat_GuteGeister-768x1086.jpeg 768w, http:\/\/team-theater-holzkirchen.de\/wp\/wp-content\/uploads\/2017_Plakat_GuteGeister-724x1024.jpeg 724w, http:\/\/team-theater-holzkirchen.de\/wp\/wp-content\/uploads\/2017_Plakat_GuteGeister.jpeg 905w\" sizes=\"auto, (max-width: 212px) 100vw, 212px\" \/><\/a>Unter dem Motto \u201eLustig ist das Gespensterleben\u201c verschwinden Schl\u00fcssel und tauchen an den unm\u00f6glichsten Orten wieder auf, Vasen wandern wie von Geisterhand durch den Raum und Bilder h\u00e4ngen schief, obwohl man sie vor wenigen Sekunden gerade ger\u00fcckt hat &#8211; einfach unerkl\u00e4rlich.<br \/>\nDas Team Theater Holzkirchen legt in der ersten H\u00e4lfte die Lunte f\u00fcr die Pointen, die dann in der zweiten H\u00e4lfte gez\u00fcndet werden:<br \/>\nNach dem fr\u00fchen Tod des Autors Jack Cameron (Andreas Biberger) und seiner Frau Susie (Petra Graban) geistert das Paar in seinem ehemaligen Haus herum. Jetzt vertreiben sie sich die Zeit damit, den Makler (Max Arbeiter) und potenzielle Mieter zu vergraulen. Schlie\u00dflich will man ja auch als Geist seine Privatsph\u00e4re haben. Dies \u00e4ndert sich jedoch, als der erfolglose Autor Simon Willis (Helmut Hermann) und seine schwangere Frau Flic (Anna Kutter) in das Haus einziehen. Jack und Susie sind, jeder auf seine Weise, fasziniert und sie f\u00fchlen sich mehr und mehr f\u00fcr das junge Paar verantwortlich: von Geldsorgen und der b\u00f6sen Schwiegermutter (Margarete Kutter) geplagt, nehmen die Streitereien zwischen Simon und Flic immer mehr zu.<br \/>\nEine Gratwanderung zwischen der \u201eExistenz von Geistern\u201c und der wahren Realit\u00e4t.<\/p>\n","protected":false},"excerpt":{"rendered":"<p><strong>Pam Valentine<\/strong><\/p>\n<p><a href=\"http:\/\/team-theater-holzkirchen.de\/wp\/wp-content\/uploads\/2017_Plakat_GuteGeister.jpeg\"><\/a>Unter dem Motto \u201eLustig ist das Gespensterleben\u201c verschwinden Schl\u00fcssel und tauchen an den unm\u00f6glichsten Orten wieder auf, Vasen wandern wie von Geisterhand durch den Raum und Bilder h\u00e4ngen schief, obwohl man sie vor wenigen Sekunden gerade ger\u00fcckt hat &#8211; einfach unerkl\u00e4rlich.<br \/> Das Team Theater Holzkirchen legt in der ersten H\u00e4lfte die &hellip; <\/p>\n<p><a class=\"more-link btn\" href=\"http:\/\/team-theater-holzkirchen.de\/?page_id=1645\">Weiterlesen<\/a><\/p>\n","protected":false},"author":1,"featured_media":1740,"parent":32,"menu_order":-31,"comment_status":"closed","ping_status":"closed","template":"template-twocolumnsleft.php","meta":{"footnotes":""},"class_list":["post-1645","page","type-page","status-publish","has-post-thumbnail","hentry","nodate","item-wrap"],"_links":{"self":[{"href":"http:\/\/team-theater-holzkirchen.de\/index.php?rest_route=\/wp\/v2\/pages\/1645","targetHints":{"allow":["GET"]}}],"collection":[{"href":"http:\/\/team-theater-holzkirchen.de\/index.php?rest_route=\/wp\/v2\/pages"}],"about":[{"href":"http:\/\/team-theater-holzkirchen.de\/index.php?rest_route=\/wp\/v2\/types\/page"}],"author":[{"embeddable":true,"href":"http:\/\/team-theater-holzkirchen.de\/index.php?rest_route=\/wp\/v2\/users\/1"}],"replies":[{"embeddable":true,"href":"http:\/\/team-theater-holzkirchen.de\/index.php?rest_route=%2Fwp%2Fv2%2Fcomments&post=1645"}],"version-history":[{"count":3,"href":"http:\/\/team-theater-holzkirchen.de\/index.php?rest_route=\/wp\/v2\/pages\/1645\/revisions"}],"predecessor-version":[{"id":1742,"href":"http:\/\/team-theater-holzkirchen.de\/index.php?rest_route=\/wp\/v2\/pages\/1645\/revisions\/1742"}],"up":[{"embeddable":true,"href":"http:\/\/team-theater-holzkirchen.de\/index.php?rest_route=\/wp\/v2\/pages\/32"}],"wp:featuredmedia":[{"embeddable":true,"href":"http:\/\/team-theater-holzkirchen.de\/index.php?rest_route=\/wp\/v2\/media\/1740"}],"wp:attachment":[{"href":"http:\/\/team-theater-holzkirchen.de\/index.php?rest_route=%2Fwp%2Fv2%2Fmedia&parent=1645"}],"curies":[{"name":"wp","href":"https:\/\/api.w.org\/{rel}","templated":true}]}}