{"id":164,"date":"2012-02-28T21:55:35","date_gmt":"2012-02-28T20:55:35","guid":{"rendered":"http:\/\/team-theater-holzkirchen.de\/wp\/?page_id=164"},"modified":"2012-03-20T15:06:58","modified_gmt":"2012-03-20T14:06:58","slug":"2010-king-kongs-tochter","status":"publish","type":"page","link":"http:\/\/team-theater-holzkirchen.de\/?page_id=164","title":{"rendered":"2010 &#8211; King Kongs T\u00f6chter"},"content":{"rendered":"<p><a href=\"http:\/\/team-theater-holzkirchen.de\/wp\/wp-content\/uploads\/2010_Plakat_KingKongsT\u00f6chter1.jpg\"><img loading=\"lazy\" decoding=\"async\" class=\"alignright size-medium wp-image-329\" title=\"2010_Plakat_KingKongsT\u00f6chter\" src=\"http:\/\/team-theater-holzkirchen.de\/wp\/wp-content\/uploads\/2010_Plakat_KingKongsT\u00f6chter1-213x300.jpg\" alt=\"\" width=\"213\" height=\"300\" srcset=\"http:\/\/team-theater-holzkirchen.de\/wp\/wp-content\/uploads\/2010_Plakat_KingKongsT\u00f6chter1-213x300.jpg 213w, http:\/\/team-theater-holzkirchen.de\/wp\/wp-content\/uploads\/2010_Plakat_KingKongsT\u00f6chter1.jpg 360w\" sizes=\"auto, (max-width: 213px) 100vw, 213px\" \/><\/a><strong>von Theresia Walser<\/strong><\/p>\n<p>Im Altenheim, wird der ganz normale Wahnsinn, Marke &#8218;aufopferungsvolle Altenpflege&#8216; aufgef\u00fchrt. Die pflegebed\u00fcrftigen Greise sind gebrechlich, dement, voll absurder Marotten, ich-bezogen und verbiestert. Die drei jungen Betreuerinnen wissen nie ob die b\u00f6sartigen Hilflosigkeiten, die ewig vollen Windeln, das Sabbern und Spucken, der Ged\u00e4chtnisschwund und die Anz\u00fcglichkeiten gespielt sind oder echt! Der Zuschauer ist hin und hergerissen zwischen Mitleid und Grauen und sieht doch nur seine eigene Zukunft. Dabei wird mehr und mehr deutlich, dass es weniger um die Alten geht, sondern darum welche Perspektiven den jungen lebensprallen Pflegerinnen angesichts dieses t\u00e4glichen Totentanzes noch bleiben. Wie ertragen sie das Pflegeelend, ohne selber auf der Strecke zu bleiben? In aphoristisch verdichteter kunstvoller Sprache treibt die Autorin Theresia Walser ihre albtraumartige Zustandsbeschreibung solange auf die Spitze, bis das ganze abgr\u00fcndige Ausma\u00df der hollywoodreif inszenierten L\u00f6sungen der drei Heimschwestern sichtbar wird.<\/p>\n<p>Was wir erleben, sind die Folgen des demographischen Wandels. Eine stetig steigende Lebenserwartung bei rasant sinkender Geburtenrate. Die \u00dcberalterung unserer Gesellschaft bei der immer weniger Erwerbst\u00e4tige immer mehr Alte ern\u00e4hren m\u00fcssen. Die Infragestellung des Generationenvertrages. Das ist die brandaktuelle Problembasis auf der dieses, Ende der Neunziger Jahre geschriebene St\u00fcck fu\u00dft, mit dem seine Verfasserin zu Autorin des Jahres gek\u00fcrt wurde.<\/p>\n<p>Ein gl\u00e4nzendes schwarzhumoriges B\u00fchnenst\u00fcck mit herrliche Rollen, unerwarteten Wendungen, gelungen zugespitztem Text, das packt, unterh\u00e4lt und zu Diskussionen einl\u00e4dt.<\/p>\n<p>&nbsp;<\/p>\n<p>\u00dcber die Autorin:<br \/>\nTheresia Walser, Tochter des Autors Martin Walser besuchte, nachdem sie ein Jahr lang in der Altenpflege gearbeitet hatte, von 1990 bis 1994 die Hochschule f\u00fcr Musik und Theater Bern, wo sie eine Schauspielausbildung absolvierte. Sie war zwei Jahre lang Ensemblemitglied am Jungen Theater in G\u00f6ttingen. Sie lebt als Schriftstellerin u. a. in Berlin, Mannheim und Freiburg im Breisgau.<br \/>\nTheresia Walser ist Verfasserin von Theaterst\u00fccken, die als Gegenentwurf zum g\u00e4ngigen B\u00fchnen-Realismus gedacht sind und deren ungew\u00f6hnliche, poetische Sprachkunst von der Kritik einhellig gelobt wird. Sie wurde 1998 von der Jury der Zeitschrift \u201eTheater heute\u201c zur Nachwuchsautorin des Jahres gew\u00e4hlt; im gleichen Jahre erhielt sie den F\u00f6rderpreis des Schiller-Ged\u00e4chtnispreises des Landes Baden-W\u00fcrttemberg.<\/p>\n","protected":false},"excerpt":{"rendered":"<p><a href=\"http:\/\/team-theater-holzkirchen.de\/wp\/wp-content\/uploads\/2010_Plakat_KingKongsT\u00f6chter1.jpg\"><\/a><strong>von Theresia Walser<\/strong><\/p>\n<p>Im Altenheim, wird der ganz normale Wahnsinn, Marke &#8218;aufopferungsvolle Altenpflege&#8216; aufgef\u00fchrt. Die pflegebed\u00fcrftigen Greise sind gebrechlich, dement, voll absurder Marotten, ich-bezogen und verbiestert. Die drei jungen Betreuerinnen wissen nie ob die b\u00f6sartigen Hilflosigkeiten, die ewig vollen Windeln, das Sabbern und Spucken, der Ged\u00e4chtnisschwund und die Anz\u00fcglichkeiten gespielt sind oder echt! Der &hellip; <\/p>\n<p><a class=\"more-link btn\" href=\"http:\/\/team-theater-holzkirchen.de\/?page_id=164\">Weiterlesen<\/a><\/p>\n","protected":false},"author":1,"featured_media":329,"parent":32,"menu_order":-24,"comment_status":"closed","ping_status":"closed","template":"template-twocolumnsleft.php","meta":{"footnotes":""},"class_list":["post-164","page","type-page","status-publish","has-post-thumbnail","hentry","nodate","item-wrap"],"_links":{"self":[{"href":"http:\/\/team-theater-holzkirchen.de\/index.php?rest_route=\/wp\/v2\/pages\/164","targetHints":{"allow":["GET"]}}],"collection":[{"href":"http:\/\/team-theater-holzkirchen.de\/index.php?rest_route=\/wp\/v2\/pages"}],"about":[{"href":"http:\/\/team-theater-holzkirchen.de\/index.php?rest_route=\/wp\/v2\/types\/page"}],"author":[{"embeddable":true,"href":"http:\/\/team-theater-holzkirchen.de\/index.php?rest_route=\/wp\/v2\/users\/1"}],"replies":[{"embeddable":true,"href":"http:\/\/team-theater-holzkirchen.de\/index.php?rest_route=%2Fwp%2Fv2%2Fcomments&post=164"}],"version-history":[{"count":7,"href":"http:\/\/team-theater-holzkirchen.de\/index.php?rest_route=\/wp\/v2\/pages\/164\/revisions"}],"predecessor-version":[{"id":358,"href":"http:\/\/team-theater-holzkirchen.de\/index.php?rest_route=\/wp\/v2\/pages\/164\/revisions\/358"}],"up":[{"embeddable":true,"href":"http:\/\/team-theater-holzkirchen.de\/index.php?rest_route=\/wp\/v2\/pages\/32"}],"wp:featuredmedia":[{"embeddable":true,"href":"http:\/\/team-theater-holzkirchen.de\/index.php?rest_route=\/wp\/v2\/media\/329"}],"wp:attachment":[{"href":"http:\/\/team-theater-holzkirchen.de\/index.php?rest_route=%2Fwp%2Fv2%2Fmedia&parent=164"}],"curies":[{"name":"wp","href":"https:\/\/api.w.org\/{rel}","templated":true}]}}