{"id":1633,"date":"2018-10-09T18:33:10","date_gmt":"2018-10-09T16:33:10","guid":{"rendered":"http:\/\/team-theater-holzkirchen.de\/?page_id=1633"},"modified":"2018-10-09T18:33:10","modified_gmt":"2018-10-09T16:33:10","slug":"2018-yvonne-die-burgunderprinzessin","status":"publish","type":"page","link":"http:\/\/team-theater-holzkirchen.de\/?page_id=1633","title":{"rendered":"2018 &#8211; Yvonne, die Burgunderprinzessin"},"content":{"rendered":"<p><strong><a href=\"http:\/\/team-theater-holzkirchen.de\/wp\/wp-content\/uploads\/2018_Yvonne.jpg\"><img loading=\"lazy\" decoding=\"async\" class=\"alignleft size-medium wp-image-1629\" src=\"http:\/\/team-theater-holzkirchen.de\/wp\/wp-content\/uploads\/2018_Yvonne-300x292.jpg\" alt=\"2018_Yvonne\" width=\"300\" height=\"292\" srcset=\"http:\/\/team-theater-holzkirchen.de\/wp\/wp-content\/uploads\/2018_Yvonne-300x292.jpg 300w, http:\/\/team-theater-holzkirchen.de\/wp\/wp-content\/uploads\/2018_Yvonne-768x747.jpg 768w, http:\/\/team-theater-holzkirchen.de\/wp\/wp-content\/uploads\/2018_Yvonne-1024x997.jpg 1024w, http:\/\/team-theater-holzkirchen.de\/wp\/wp-content\/uploads\/2018_Yvonne.jpg 1754w\" sizes=\"auto, (max-width: 300px) 100vw, 300px\" \/><\/a>eine schwarze Kom\u00f6die von Witold Gombrowicz<\/strong><\/p>\n<p>Prinz Philipp, verw\u00f6hnter Thronfolger des K\u00f6nigreichs Burgund, ist im heiratsf\u00e4higen Alter und der immer gleichen Lustbarkeiten mit den hingabefreudigen Hofdamen u\u0308berdru\u0308ssig. Er begegnet Yvonne, deren Andersartigkeit und H\u00e4sslichkeit ihn reizt und herausfordert. Der Prinz beschlie\u00dft, die h\u00e4ssliche Bu\u0308rgerliche zu heiraten\u2026<\/p>\n<p>Es ist die Geschichte eines unscheinbaren, nicht sehr ansehnlichen und mit verschiedenen Gebrechen geschlagenen M\u00e4dchens, das ein Prinz aus \u00dcbermut heiraten m\u00f6chte. Yvonne, die sich passiv und gleichg\u00fcltig verh\u00e4lt, weckt in ihrer Umgebung Gewissensbisse und Besch\u00e4mung, Hass und Aggressivit\u00e4t.<\/p>\n<p>Bald verwandelt sich der Hof zu einer Brutst\u00e4tte von Ungeheuerlichkeiten. Und jedes dieser Ungeheuer, einschlie\u00dflich des Prinzen, beginnt vor Begierde zu brennen, diese Unausstehliche zu ermorden\u2026<\/p>\n<p>Das Werk war in der Hochbl\u00fcte des absurden Theaters eine vielgespielte Entdeckung und l\u00e4utete mit seiner Darstellung einer innerlich ausgeh\u00f6hlten Gesellschaft den Beginn einer politisch engagierten Literatur ein. Das St\u00fcck geh\u00f6rt seit langem zu den Klassikern des Welttheaters, ist unter ihnen jedoch einer der am wenigsten bekannten in Deutschland.<\/p>\n","protected":false},"excerpt":{"rendered":"<p><strong><a href=\"http:\/\/team-theater-holzkirchen.de\/wp\/wp-content\/uploads\/2018_Yvonne.jpg\"><\/a>eine schwarze Kom\u00f6die von Witold Gombrowicz<\/strong><\/p>\n<p>Prinz Philipp, verw\u00f6hnter Thronfolger des K\u00f6nigreichs Burgund, ist im heiratsf\u00e4higen Alter und der immer gleichen Lustbarkeiten mit den hingabefreudigen Hofdamen u\u0308berdru\u0308ssig. Er begegnet Yvonne, deren Andersartigkeit und H\u00e4sslichkeit ihn reizt und herausfordert. Der Prinz beschlie\u00dft, die h\u00e4ssliche Bu\u0308rgerliche zu heiraten\u2026<\/p>\n<p>Es ist die Geschichte eines unscheinbaren, nicht sehr &hellip; <\/p>\n<p><a class=\"more-link btn\" href=\"http:\/\/team-theater-holzkirchen.de\/?page_id=1633\">Weiterlesen<\/a><\/p>\n","protected":false},"author":1,"featured_media":1629,"parent":32,"menu_order":-32,"comment_status":"closed","ping_status":"closed","template":"","meta":{"footnotes":""},"class_list":["post-1633","page","type-page","status-publish","has-post-thumbnail","hentry","nodate","item-wrap"],"_links":{"self":[{"href":"http:\/\/team-theater-holzkirchen.de\/index.php?rest_route=\/wp\/v2\/pages\/1633","targetHints":{"allow":["GET"]}}],"collection":[{"href":"http:\/\/team-theater-holzkirchen.de\/index.php?rest_route=\/wp\/v2\/pages"}],"about":[{"href":"http:\/\/team-theater-holzkirchen.de\/index.php?rest_route=\/wp\/v2\/types\/page"}],"author":[{"embeddable":true,"href":"http:\/\/team-theater-holzkirchen.de\/index.php?rest_route=\/wp\/v2\/users\/1"}],"replies":[{"embeddable":true,"href":"http:\/\/team-theater-holzkirchen.de\/index.php?rest_route=%2Fwp%2Fv2%2Fcomments&post=1633"}],"version-history":[{"count":3,"href":"http:\/\/team-theater-holzkirchen.de\/index.php?rest_route=\/wp\/v2\/pages\/1633\/revisions"}],"predecessor-version":[{"id":1636,"href":"http:\/\/team-theater-holzkirchen.de\/index.php?rest_route=\/wp\/v2\/pages\/1633\/revisions\/1636"}],"up":[{"embeddable":true,"href":"http:\/\/team-theater-holzkirchen.de\/index.php?rest_route=\/wp\/v2\/pages\/32"}],"wp:featuredmedia":[{"embeddable":true,"href":"http:\/\/team-theater-holzkirchen.de\/index.php?rest_route=\/wp\/v2\/media\/1629"}],"wp:attachment":[{"href":"http:\/\/team-theater-holzkirchen.de\/index.php?rest_route=%2Fwp%2Fv2%2Fmedia&parent=1633"}],"curies":[{"name":"wp","href":"https:\/\/api.w.org\/{rel}","templated":true}]}}