{"id":161,"date":"2012-02-28T21:52:43","date_gmt":"2012-02-28T20:52:43","guid":{"rendered":"http:\/\/team-theater-holzkirchen.de\/wp\/?page_id=161"},"modified":"2012-10-15T14:49:45","modified_gmt":"2012-10-15T12:49:45","slug":"2009-die-kaktusblute","status":"publish","type":"page","link":"http:\/\/team-theater-holzkirchen.de\/?page_id=161","title":{"rendered":"2009 &#8211; Die Kaktusbl\u00fcte"},"content":{"rendered":"<p><strong><a href=\"http:\/\/team-theater-holzkirchen.de\/wp\/wp-content\/uploads\/2009_Plakat_Kaktusbl\u00fcte.jpg\"><img loading=\"lazy\" decoding=\"async\" class=\"alignright size-medium wp-image-1123\" title=\"2009_Plakat_Kaktusbl\u00fcte\" src=\"http:\/\/team-theater-holzkirchen.de\/wp\/wp-content\/uploads\/2009_Plakat_Kaktusbl\u00fcte-215x300.jpg\" alt=\"\" width=\"215\" height=\"300\" srcset=\"http:\/\/team-theater-holzkirchen.de\/wp\/wp-content\/uploads\/2009_Plakat_Kaktusbl\u00fcte-215x300.jpg 215w, http:\/\/team-theater-holzkirchen.de\/wp\/wp-content\/uploads\/2009_Plakat_Kaktusbl\u00fcte-735x1024.jpg 735w, http:\/\/team-theater-holzkirchen.de\/wp\/wp-content\/uploads\/2009_Plakat_Kaktusbl\u00fcte.jpg 1755w\" sizes=\"auto, (max-width: 215px) 100vw, 215px\" \/><\/a>von Pierre Barillet und Jean-Pierre Gr\u00e9dy<\/strong><\/p>\n<p>Julien Desforges \u2013 ein Zahnarzt mit florierender Praxis \u2013 ist dem weiblichen Geschlecht gegen\u00fcber sehr wohl interessiert, dennoch kann er sich nicht vorstellen, ein Ehemann zu werden. Er ist mit Antonia Simonet liiert. Um jedweder Ann\u00e4herungen in Richtung Ehe vorzubeugen, gibt er sich als verheirateter Mann mit drei Kindern aus.<\/p>\n<p>Nat\u00fcrlich f\u00fchrt dies zu allerlei Verwicklungen. Freunde werden in die entstehende Problematik hineingezogen. Aber wie befreit man sich wieder von der Mitwirkung des Barons von M\u00fcnchhausen. Julien merkt, dass er mit seinen Geschichten zu weit gegangen ist und versucht, entstandenen Schaden wieder gut zu machen. Dazu hat er wieder eine brilliante Idee: er wird sich scheiden lassen! Antonia ist daraufhin einerseits ger\u00fchrt aber andererseits hat sie ein schlechtes Gewissen, da sie ja nun der Scheidungsgrund ist.<\/p>\n<p>Sie beschlie\u00dft, Juliens Noch-Ehefrau zu treffen, um ihr einige Fragen stellen. Da Antonia unwiderstehlich ist, kann ihr Julien zwar das schlechte Gewissen mit neuen \u201eNachrichten vom Baron\u201c erleichtern \u2013 nicht aber das Verlangen nach einem Treffen mit seiner Noch-Ehefrau ausreden.<\/p>\n<p>Auch dazu hat Julien wieder brilliante Einf\u00e4lle. Diese f\u00fchren jedoch \u2013 und man muss eigentlich sagen \u2013 naturgem\u00e4\u00df zu neuen Verwicklungen &#8230; und zu \u00fcberraschenden Erkenntnissen.<\/p>\n","protected":false},"excerpt":{"rendered":"<p><strong><a href=\"http:\/\/team-theater-holzkirchen.de\/wp\/wp-content\/uploads\/2009_Plakat_Kaktusbl\u00fcte.jpg\"><\/a>von Pierre Barillet und Jean-Pierre Gr\u00e9dy<\/strong><\/p>\n<p>Julien Desforges \u2013 ein Zahnarzt mit florierender Praxis \u2013 ist dem weiblichen Geschlecht gegen\u00fcber sehr wohl interessiert, dennoch kann er sich nicht vorstellen, ein Ehemann zu werden. Er ist mit Antonia Simonet liiert. Um jedweder Ann\u00e4herungen in Richtung Ehe vorzubeugen, gibt er sich als verheirateter Mann mit drei &hellip; <\/p>\n<p><a class=\"more-link btn\" href=\"http:\/\/team-theater-holzkirchen.de\/?page_id=161\">Weiterlesen<\/a><\/p>\n","protected":false},"author":1,"featured_media":1124,"parent":32,"menu_order":-22,"comment_status":"closed","ping_status":"closed","template":"template-twocolumnsleft.php","meta":{"footnotes":""},"class_list":["post-161","page","type-page","status-publish","has-post-thumbnail","hentry","nodate","item-wrap"],"_links":{"self":[{"href":"http:\/\/team-theater-holzkirchen.de\/index.php?rest_route=\/wp\/v2\/pages\/161","targetHints":{"allow":["GET"]}}],"collection":[{"href":"http:\/\/team-theater-holzkirchen.de\/index.php?rest_route=\/wp\/v2\/pages"}],"about":[{"href":"http:\/\/team-theater-holzkirchen.de\/index.php?rest_route=\/wp\/v2\/types\/page"}],"author":[{"embeddable":true,"href":"http:\/\/team-theater-holzkirchen.de\/index.php?rest_route=\/wp\/v2\/users\/1"}],"replies":[{"embeddable":true,"href":"http:\/\/team-theater-holzkirchen.de\/index.php?rest_route=%2Fwp%2Fv2%2Fcomments&post=161"}],"version-history":[{"count":11,"href":"http:\/\/team-theater-holzkirchen.de\/index.php?rest_route=\/wp\/v2\/pages\/161\/revisions"}],"predecessor-version":[{"id":1125,"href":"http:\/\/team-theater-holzkirchen.de\/index.php?rest_route=\/wp\/v2\/pages\/161\/revisions\/1125"}],"up":[{"embeddable":true,"href":"http:\/\/team-theater-holzkirchen.de\/index.php?rest_route=\/wp\/v2\/pages\/32"}],"wp:featuredmedia":[{"embeddable":true,"href":"http:\/\/team-theater-holzkirchen.de\/index.php?rest_route=\/wp\/v2\/media\/1124"}],"wp:attachment":[{"href":"http:\/\/team-theater-holzkirchen.de\/index.php?rest_route=%2Fwp%2Fv2%2Fmedia&parent=161"}],"curies":[{"name":"wp","href":"https:\/\/api.w.org\/{rel}","templated":true}]}}