{"id":1591,"date":"2016-11-12T14:55:36","date_gmt":"2016-11-12T13:55:36","guid":{"rendered":"http:\/\/team-theater-holzkirchen.de\/?page_id=1591"},"modified":"2016-11-12T14:55:36","modified_gmt":"2016-11-12T13:55:36","slug":"2016-liebst-du-mich-wirklich","status":"publish","type":"page","link":"http:\/\/team-theater-holzkirchen.de\/?page_id=1591","title":{"rendered":"2016 &#8211; Liebst Du mich wirklich?"},"content":{"rendered":"<p><a href=\"http:\/\/team-theater-holzkirchen.de\/wp\/wp-content\/uploads\/2016_Plakat_Liebst-Du-mich.jpeg\"><img loading=\"lazy\" decoding=\"async\" class=\"alignright size-medium wp-image-1594\" src=\"http:\/\/team-theater-holzkirchen.de\/wp\/wp-content\/uploads\/2016_Plakat_Liebst-Du-mich-212x300.jpeg\" alt=\"2016_plakat_liebst-du-mich\" width=\"212\" height=\"300\" srcset=\"http:\/\/team-theater-holzkirchen.de\/wp\/wp-content\/uploads\/2016_Plakat_Liebst-Du-mich-212x300.jpeg 212w, http:\/\/team-theater-holzkirchen.de\/wp\/wp-content\/uploads\/2016_Plakat_Liebst-Du-mich-768x1086.jpeg 768w, http:\/\/team-theater-holzkirchen.de\/wp\/wp-content\/uploads\/2016_Plakat_Liebst-Du-mich-724x1024.jpeg 724w, http:\/\/team-theater-holzkirchen.de\/wp\/wp-content\/uploads\/2016_Plakat_Liebst-Du-mich.jpeg 905w\" sizes=\"auto, (max-width: 212px) 100vw, 212px\" \/><\/a>&#8222;Was ist Liebe? Das ist doch ganz einfach!&#8220; Wirklich&#8230;<\/p>\n<p><strong>2016 feiert das TeamTheaterHolzkirchen sein 25j\u00e4hriges Jubil\u00e4um!<\/strong><\/p>\n<p>Das Jubil\u00e4ums-St\u00fcck ist eine &#8222;Szenenmontage \u00fcber den Alltagswahninn der Liebe&#8220;! Mit Zitaten nach Ronald D. Laing (aus &#8222;Liebst du mich?&#8220;) und Kafkas bizarrem Heiratsantrag schrieb uns Regisseurin Simone Birkner das St\u00fcck auf den Leib. Es entstand eine Anleitung, wie man seinen Liebsten garantiert im richtigen Moment die falschen Fragen stellt und sie dabei erfolgreich direkt an den Rand eines Nervenzusammenbruchs bringt.<\/p>\n<p>&#8222;Ganz sch\u00f6n Kafka&#8220; findet das die Generation Smartphone, die uns schonend beibringt, wie man Beziehungen heute auf WhatsApp f\u00fchrt. Was das alles mit Kafkas Heiratsantrag an Felice Bauer zu tun hat? Lassen Sie sich \u00fcberraschen&#8230;<\/p>\n","protected":false},"excerpt":{"rendered":"<p><a href=\"http:\/\/team-theater-holzkirchen.de\/wp\/wp-content\/uploads\/2016_Plakat_Liebst-Du-mich.jpeg\"><\/a>&#8222;Was ist Liebe? Das ist doch ganz einfach!&#8220; Wirklich&#8230;<\/p>\n<p><strong>2016 feiert das TeamTheaterHolzkirchen sein 25j\u00e4hriges Jubil\u00e4um!<\/strong><\/p>\n<p>Das Jubil\u00e4ums-St\u00fcck ist eine &#8222;Szenenmontage \u00fcber den Alltagswahninn der Liebe&#8220;! Mit Zitaten nach Ronald D. Laing (aus &#8222;Liebst du mich?&#8220;) und Kafkas bizarrem Heiratsantrag schrieb uns Regisseurin Simone Birkner das St\u00fcck auf den Leib. Es entstand eine Anleitung, &hellip; <\/p>\n<p><a class=\"more-link btn\" href=\"http:\/\/team-theater-holzkirchen.de\/?page_id=1591\">Weiterlesen<\/a><\/p>\n","protected":false},"author":1,"featured_media":1594,"parent":32,"menu_order":-30,"comment_status":"closed","ping_status":"closed","template":"template-twocolumnsleft.php","meta":{"footnotes":""},"class_list":["post-1591","page","type-page","status-publish","has-post-thumbnail","hentry","nodate","item-wrap"],"_links":{"self":[{"href":"http:\/\/team-theater-holzkirchen.de\/index.php?rest_route=\/wp\/v2\/pages\/1591","targetHints":{"allow":["GET"]}}],"collection":[{"href":"http:\/\/team-theater-holzkirchen.de\/index.php?rest_route=\/wp\/v2\/pages"}],"about":[{"href":"http:\/\/team-theater-holzkirchen.de\/index.php?rest_route=\/wp\/v2\/types\/page"}],"author":[{"embeddable":true,"href":"http:\/\/team-theater-holzkirchen.de\/index.php?rest_route=\/wp\/v2\/users\/1"}],"replies":[{"embeddable":true,"href":"http:\/\/team-theater-holzkirchen.de\/index.php?rest_route=%2Fwp%2Fv2%2Fcomments&post=1591"}],"version-history":[{"count":3,"href":"http:\/\/team-theater-holzkirchen.de\/index.php?rest_route=\/wp\/v2\/pages\/1591\/revisions"}],"predecessor-version":[{"id":1595,"href":"http:\/\/team-theater-holzkirchen.de\/index.php?rest_route=\/wp\/v2\/pages\/1591\/revisions\/1595"}],"up":[{"embeddable":true,"href":"http:\/\/team-theater-holzkirchen.de\/index.php?rest_route=\/wp\/v2\/pages\/32"}],"wp:featuredmedia":[{"embeddable":true,"href":"http:\/\/team-theater-holzkirchen.de\/index.php?rest_route=\/wp\/v2\/media\/1594"}],"wp:attachment":[{"href":"http:\/\/team-theater-holzkirchen.de\/index.php?rest_route=%2Fwp%2Fv2%2Fmedia&parent=1591"}],"curies":[{"name":"wp","href":"https:\/\/api.w.org\/{rel}","templated":true}]}}