{"id":159,"date":"2012-02-28T21:52:02","date_gmt":"2012-02-28T20:52:02","guid":{"rendered":"http:\/\/team-theater-holzkirchen.de\/wp\/?page_id=159"},"modified":"2012-10-15T14:52:51","modified_gmt":"2012-10-15T12:52:51","slug":"2008-mein-freund-harvey","status":"publish","type":"page","link":"http:\/\/team-theater-holzkirchen.de\/?page_id=159","title":{"rendered":"2008 &#8211; Mein Freund Harvey"},"content":{"rendered":"<p><strong><a href=\"http:\/\/team-theater-holzkirchen.de\/wp\/wp-content\/uploads\/2008_Plakat_MeinFreundHarvey.jpg\"><img loading=\"lazy\" decoding=\"async\" class=\"alignright size-medium wp-image-533\" title=\"2008_Plakat_MeinFreundHarvey\" src=\"http:\/\/team-theater-holzkirchen.de\/wp\/wp-content\/uploads\/2008_Plakat_MeinFreundHarvey-225x300.jpg\" alt=\"\" width=\"225\" height=\"300\" srcset=\"http:\/\/team-theater-holzkirchen.de\/wp\/wp-content\/uploads\/2008_Plakat_MeinFreundHarvey-225x300.jpg 225w, http:\/\/team-theater-holzkirchen.de\/wp\/wp-content\/uploads\/2008_Plakat_MeinFreundHarvey-768x1024.jpg 768w, http:\/\/team-theater-holzkirchen.de\/wp\/wp-content\/uploads\/2008_Plakat_MeinFreundHarvey.jpg 1788w\" sizes=\"auto, (max-width: 225px) 100vw, 225px\" \/><\/a>von Mary Chase<\/strong><\/p>\n<p>Als der liebenswert-schrullige Elwood P. Dowd auf einer Party seinen Freund Harvey vorstellt, einen Puka in Gestalt eines ungef\u00e4hr zwei Meter gro\u00dfen, wei\u00dfen, unsichtbaren Hasen, beschlie\u00dft seine Schwester Veta, ihn in ein Sanatorium einweisen zu lassen, um die Familie vor weiteren Peinlichkeiten zu bewahren. Sie wird jedoch versehentlich selber eingewiesen. Nachdem dieser Irrtum aufgekl\u00e4rt worden ist, macht man sich auf die Suche nach Elwood und seinem unsichtbaren Freund. Elwood taucht im Sanatorium auf, um nach Harvey zu suchen, und schafft es, auf einige \u00c4rzte Eindruck zu machen. Erst kurz vor der Injektion, die ihn wieder normal machen soll, akzeptiert Veta den unsichtbaren Freund ihres Bruders.<\/p>\n","protected":false},"excerpt":{"rendered":"<p><strong><a href=\"http:\/\/team-theater-holzkirchen.de\/wp\/wp-content\/uploads\/2008_Plakat_MeinFreundHarvey.jpg\"><\/a>von Mary Chase<\/strong><\/p>\n<p>Als der liebenswert-schrullige Elwood P. Dowd auf einer Party seinen Freund Harvey vorstellt, einen Puka in Gestalt eines ungef\u00e4hr zwei Meter gro\u00dfen, wei\u00dfen, unsichtbaren Hasen, beschlie\u00dft seine Schwester Veta, ihn in ein Sanatorium einweisen zu lassen, um die Familie vor weiteren Peinlichkeiten zu bewahren. Sie wird jedoch versehentlich selber eingewiesen. Nachdem &hellip; <\/p>\n<p><a class=\"more-link btn\" href=\"http:\/\/team-theater-holzkirchen.de\/?page_id=159\">Weiterlesen<\/a><\/p>\n","protected":false},"author":1,"featured_media":1127,"parent":32,"menu_order":-21,"comment_status":"closed","ping_status":"closed","template":"template-twocolumnsleft.php","meta":{"footnotes":""},"class_list":["post-159","page","type-page","status-publish","has-post-thumbnail","hentry","nodate","item-wrap"],"_links":{"self":[{"href":"http:\/\/team-theater-holzkirchen.de\/index.php?rest_route=\/wp\/v2\/pages\/159","targetHints":{"allow":["GET"]}}],"collection":[{"href":"http:\/\/team-theater-holzkirchen.de\/index.php?rest_route=\/wp\/v2\/pages"}],"about":[{"href":"http:\/\/team-theater-holzkirchen.de\/index.php?rest_route=\/wp\/v2\/types\/page"}],"author":[{"embeddable":true,"href":"http:\/\/team-theater-holzkirchen.de\/index.php?rest_route=\/wp\/v2\/users\/1"}],"replies":[{"embeddable":true,"href":"http:\/\/team-theater-holzkirchen.de\/index.php?rest_route=%2Fwp%2Fv2%2Fcomments&post=159"}],"version-history":[{"count":6,"href":"http:\/\/team-theater-holzkirchen.de\/index.php?rest_route=\/wp\/v2\/pages\/159\/revisions"}],"predecessor-version":[{"id":535,"href":"http:\/\/team-theater-holzkirchen.de\/index.php?rest_route=\/wp\/v2\/pages\/159\/revisions\/535"}],"up":[{"embeddable":true,"href":"http:\/\/team-theater-holzkirchen.de\/index.php?rest_route=\/wp\/v2\/pages\/32"}],"wp:featuredmedia":[{"embeddable":true,"href":"http:\/\/team-theater-holzkirchen.de\/index.php?rest_route=\/wp\/v2\/media\/1127"}],"wp:attachment":[{"href":"http:\/\/team-theater-holzkirchen.de\/index.php?rest_route=%2Fwp%2Fv2%2Fmedia&parent=159"}],"curies":[{"name":"wp","href":"https:\/\/api.w.org\/{rel}","templated":true}]}}