{"id":156,"date":"2012-02-28T21:50:53","date_gmt":"2012-02-28T20:50:53","guid":{"rendered":"http:\/\/team-theater-holzkirchen.de\/wp\/?page_id=156"},"modified":"2012-10-15T14:54:36","modified_gmt":"2012-10-15T12:54:36","slug":"2007-hexenjagd","status":"publish","type":"page","link":"http:\/\/team-theater-holzkirchen.de\/?page_id=156","title":{"rendered":"2007 &#8211; Hexenjagd"},"content":{"rendered":"<p><strong><a href=\"http:\/\/team-theater-holzkirchen.de\/wp\/wp-content\/uploads\/2007_Plakat_Hexenjagd.jpg\"><img loading=\"lazy\" decoding=\"async\" class=\"alignright size-medium wp-image-549\" title=\"2007_Plakat_Hexenjagd\" src=\"http:\/\/team-theater-holzkirchen.de\/wp\/wp-content\/uploads\/2007_Plakat_Hexenjagd-218x300.jpg\" alt=\"\" width=\"218\" height=\"300\" srcset=\"http:\/\/team-theater-holzkirchen.de\/wp\/wp-content\/uploads\/2007_Plakat_Hexenjagd-218x300.jpg 218w, http:\/\/team-theater-holzkirchen.de\/wp\/wp-content\/uploads\/2007_Plakat_Hexenjagd-745x1024.jpg 745w, http:\/\/team-theater-holzkirchen.de\/wp\/wp-content\/uploads\/2007_Plakat_Hexenjagd.jpg 1689w\" sizes=\"auto, (max-width: 218px) 100vw, 218px\" \/><\/a>von Arthur Miller<\/strong><\/p>\n<p>Eine Gruppe junger M\u00e4dchen wird vom Dorfpfarrer bei der Durchf\u00fchrung eines okulten Rituals im Wald erwischt, beim dem sie einen Liebeszauber ausprobieren wollen. Um sich vor Strafe zu sch\u00fctzen, t\u00e4uschen die M\u00e4dchen vor, von dunklen M\u00e4chte zu diesem Ritual gezwungen worden zu sein und weben ein Netz aus Beschuldigungen, das sich fast an die gesamt Dorfgemeinschaft richten. Als der Dorfpfarrer einen befreundeten Pfarrer und Teulesspezialisten um Hilfe bittet wird das eigentlich anfangs harmlose Spiel der M\u00e4dchen zum bitteren Ernst. Als Hexen und Hexer denuziert werden unschuldige Dorfbewohner hingerichtet und die Eskalation der Situation kann nicht mehr aufgehalten werden.<\/p>\n<p>Das B\u00fchnenst\u00fcck des gesellschaftskritischen Autors Arthur Miller spielt auf die Kommunistenjagd des US-amerikanischen Politikers Joseph McCarthy an und brachte Miller auch in Schwierigkeiten: zur St\u00fcckpremiere in Belgien wurde ihm kein Pass ausgestellt und seine damals laufenden Arbeiten in New York wurden behindert. &#8222;Die Hexenjagd&#8220; ist ein St\u00fcck \u00fcber gesellschaftliche Erscheinungen, wie sie auch zu jeder Zeit immer wieder auftreten k\u00f6nnen. Es wendet sich gegen ein Klima von Angst und Druck, das Massenwahn, Denunziation, Gesinnungsschn\u00fcffelei und Missbrauch politischer Macht erzeugt.<\/p>\n","protected":false},"excerpt":{"rendered":"<p><strong><a href=\"http:\/\/team-theater-holzkirchen.de\/wp\/wp-content\/uploads\/2007_Plakat_Hexenjagd.jpg\"><\/a>von Arthur Miller<\/strong><\/p>\n<p>Eine Gruppe junger M\u00e4dchen wird vom Dorfpfarrer bei der Durchf\u00fchrung eines okulten Rituals im Wald erwischt, beim dem sie einen Liebeszauber ausprobieren wollen. Um sich vor Strafe zu sch\u00fctzen, t\u00e4uschen die M\u00e4dchen vor, von dunklen M\u00e4chte zu diesem Ritual gezwungen worden zu sein und weben ein Netz aus Beschuldigungen, das sich &hellip; <\/p>\n<p><a class=\"more-link btn\" href=\"http:\/\/team-theater-holzkirchen.de\/?page_id=156\">Weiterlesen<\/a><\/p>\n","protected":false},"author":1,"featured_media":1129,"parent":32,"menu_order":-20,"comment_status":"closed","ping_status":"closed","template":"template-twocolumnsleft.php","meta":{"footnotes":""},"class_list":["post-156","page","type-page","status-publish","has-post-thumbnail","hentry","nodate","item-wrap"],"_links":{"self":[{"href":"http:\/\/team-theater-holzkirchen.de\/index.php?rest_route=\/wp\/v2\/pages\/156","targetHints":{"allow":["GET"]}}],"collection":[{"href":"http:\/\/team-theater-holzkirchen.de\/index.php?rest_route=\/wp\/v2\/pages"}],"about":[{"href":"http:\/\/team-theater-holzkirchen.de\/index.php?rest_route=\/wp\/v2\/types\/page"}],"author":[{"embeddable":true,"href":"http:\/\/team-theater-holzkirchen.de\/index.php?rest_route=\/wp\/v2\/users\/1"}],"replies":[{"embeddable":true,"href":"http:\/\/team-theater-holzkirchen.de\/index.php?rest_route=%2Fwp%2Fv2%2Fcomments&post=156"}],"version-history":[{"count":16,"href":"http:\/\/team-theater-holzkirchen.de\/index.php?rest_route=\/wp\/v2\/pages\/156\/revisions"}],"predecessor-version":[{"id":1130,"href":"http:\/\/team-theater-holzkirchen.de\/index.php?rest_route=\/wp\/v2\/pages\/156\/revisions\/1130"}],"up":[{"embeddable":true,"href":"http:\/\/team-theater-holzkirchen.de\/index.php?rest_route=\/wp\/v2\/pages\/32"}],"wp:featuredmedia":[{"embeddable":true,"href":"http:\/\/team-theater-holzkirchen.de\/index.php?rest_route=\/wp\/v2\/media\/1129"}],"wp:attachment":[{"href":"http:\/\/team-theater-holzkirchen.de\/index.php?rest_route=%2Fwp%2Fv2%2Fmedia&parent=156"}],"curies":[{"name":"wp","href":"https:\/\/api.w.org\/{rel}","templated":true}]}}