{"id":154,"date":"2012-02-28T21:50:26","date_gmt":"2012-02-28T20:50:26","guid":{"rendered":"http:\/\/team-theater-holzkirchen.de\/wp\/?page_id=154"},"modified":"2012-10-15T14:56:01","modified_gmt":"2012-10-15T12:56:01","slug":"2006-der-burger-als-edelmann","status":"publish","type":"page","link":"http:\/\/team-theater-holzkirchen.de\/?page_id=154","title":{"rendered":"2006 &#8211; Der B\u00fcrger als Edelmann"},"content":{"rendered":"<p><strong><a href=\"http:\/\/team-theater-holzkirchen.de\/wp\/wp-content\/uploads\/2006_Plakat_DerB\u00fcrgeralsEdelmann.jpg\"><img loading=\"lazy\" decoding=\"async\" class=\"alignright size-medium wp-image-576\" title=\"2006_Plakat_DerB\u00fcrgeralsEdelmann\" src=\"http:\/\/team-theater-holzkirchen.de\/wp\/wp-content\/uploads\/2006_Plakat_DerB\u00fcrgeralsEdelmann-218x300.jpg\" alt=\"\" width=\"218\" height=\"300\" srcset=\"http:\/\/team-theater-holzkirchen.de\/wp\/wp-content\/uploads\/2006_Plakat_DerB\u00fcrgeralsEdelmann-218x300.jpg 218w, http:\/\/team-theater-holzkirchen.de\/wp\/wp-content\/uploads\/2006_Plakat_DerB\u00fcrgeralsEdelmann-746x1024.jpg 746w, http:\/\/team-theater-holzkirchen.de\/wp\/wp-content\/uploads\/2006_Plakat_DerB\u00fcrgeralsEdelmann.jpg 1128w\" sizes=\"auto, (max-width: 218px) 100vw, 218px\" \/><\/a>von Moli\u00e9re<\/strong><\/p>\n<p>In der franz\u00f6sischen Kom\u00f6die aus dem 17. Jahrhundert m\u00f6chte ein B\u00fcrger gerne Edelmann sein. Seine Tochter m\u00f6chte er deshalb ebenfalls nur einem Manne von Adel zur Frau geben. Deren Geliebter Cleonte ist aber nun mal nicht hochwohlgeboren. Doch Cleontes findiger Diener erfindet einen exotisch-orientalischen Prinzen, als den er ihn Jourdain in einer entsprechend aufwendigen Inszenierung vorstellt.<\/p>\n","protected":false},"excerpt":{"rendered":"<p><strong><a href=\"http:\/\/team-theater-holzkirchen.de\/wp\/wp-content\/uploads\/2006_Plakat_DerB\u00fcrgeralsEdelmann.jpg\"><\/a>von Moli\u00e9re<\/strong><\/p>\n<p>In der franz\u00f6sischen Kom\u00f6die aus dem 17. Jahrhundert m\u00f6chte ein B\u00fcrger gerne Edelmann sein. Seine Tochter m\u00f6chte er deshalb ebenfalls nur einem Manne von Adel zur Frau geben. Deren Geliebter Cleonte ist aber nun mal nicht hochwohlgeboren. Doch Cleontes findiger Diener erfindet einen exotisch-orientalischen Prinzen, als den er ihn Jourdain in einer &hellip; <\/p>\n<p><a class=\"more-link btn\" href=\"http:\/\/team-theater-holzkirchen.de\/?page_id=154\">Weiterlesen<\/a><\/p>\n","protected":false},"author":1,"featured_media":1131,"parent":32,"menu_order":-19,"comment_status":"closed","ping_status":"closed","template":"template-twocolumnsleft.php","meta":{"footnotes":""},"class_list":["post-154","page","type-page","status-publish","has-post-thumbnail","hentry","nodate","item-wrap"],"_links":{"self":[{"href":"http:\/\/team-theater-holzkirchen.de\/index.php?rest_route=\/wp\/v2\/pages\/154","targetHints":{"allow":["GET"]}}],"collection":[{"href":"http:\/\/team-theater-holzkirchen.de\/index.php?rest_route=\/wp\/v2\/pages"}],"about":[{"href":"http:\/\/team-theater-holzkirchen.de\/index.php?rest_route=\/wp\/v2\/types\/page"}],"author":[{"embeddable":true,"href":"http:\/\/team-theater-holzkirchen.de\/index.php?rest_route=\/wp\/v2\/users\/1"}],"replies":[{"embeddable":true,"href":"http:\/\/team-theater-holzkirchen.de\/index.php?rest_route=%2Fwp%2Fv2%2Fcomments&post=154"}],"version-history":[{"count":8,"href":"http:\/\/team-theater-holzkirchen.de\/index.php?rest_route=\/wp\/v2\/pages\/154\/revisions"}],"predecessor-version":[{"id":1132,"href":"http:\/\/team-theater-holzkirchen.de\/index.php?rest_route=\/wp\/v2\/pages\/154\/revisions\/1132"}],"up":[{"embeddable":true,"href":"http:\/\/team-theater-holzkirchen.de\/index.php?rest_route=\/wp\/v2\/pages\/32"}],"wp:featuredmedia":[{"embeddable":true,"href":"http:\/\/team-theater-holzkirchen.de\/index.php?rest_route=\/wp\/v2\/media\/1131"}],"wp:attachment":[{"href":"http:\/\/team-theater-holzkirchen.de\/index.php?rest_route=%2Fwp%2Fv2%2Fmedia&parent=154"}],"curies":[{"name":"wp","href":"https:\/\/api.w.org\/{rel}","templated":true}]}}