{"id":1514,"date":"2015-07-14T10:07:49","date_gmt":"2015-07-14T08:07:49","guid":{"rendered":"http:\/\/team-theater-holzkirchen.de\/?page_id=1514"},"modified":"2015-11-14T14:03:51","modified_gmt":"2015-11-14T13:03:51","slug":"2015-schau-nicht-unters-rosenbeet","status":"publish","type":"page","link":"http:\/\/team-theater-holzkirchen.de\/?page_id=1514","title":{"rendered":"2015 &#8211; Schau nicht unters Rosenbeet"},"content":{"rendered":"<p><strong><a href=\"http:\/\/team-theater-holzkirchen.de\/wp\/wp-content\/uploads\/2015_Plakat_Rosenbeet_final2.jpg\"><img loading=\"lazy\" decoding=\"async\" class=\"alignright size-medium wp-image-1543\" src=\"http:\/\/team-theater-holzkirchen.de\/wp\/wp-content\/uploads\/2015_Plakat_Rosenbeet_final2-212x300.jpg\" alt=\"2015_Plakat_Rosenbeet_final\" width=\"212\" height=\"300\" srcset=\"http:\/\/team-theater-holzkirchen.de\/wp\/wp-content\/uploads\/2015_Plakat_Rosenbeet_final2-212x300.jpg 212w, http:\/\/team-theater-holzkirchen.de\/wp\/wp-content\/uploads\/2015_Plakat_Rosenbeet_final2.jpg 317w\" sizes=\"auto, (max-width: 212px) 100vw, 212px\" \/><\/a>von Norman Robbins<\/strong><\/p>\n<p>Dora Henk ist eine leidenschaftliche Giftmischerin, Marcus Henk h\u00e4lt sich f\u00fcr Caesar und Oliver Henk lebt eingesperrt im Keller, weil er glaubt, ein Werwolf zu sein, und die N\u00e4chte durchheult. Mit anderen Worten: Die Familie Henk ist mehr als eigenartig. Ihr \u201eHobby\u201c: Auftragsmorde.<\/p>\n<p>Eines Tages spitzt sich im Hause Henk ein Familiendrama zu. Nur diesmal sind es nicht die ausgekl\u00fcgelten Morde der Familie, die den Atem stocken lassen, sondern sie selber werden zur Zielscheibe eines geheimnisvollen M\u00f6rders, der sich ein Opfer nach dem anderen sucht\u2026<\/p>\n<p>Es beginnt ein spannendes, schwarzhumoriges Verwirrspiel um Leben und Tod.<\/p>\n","protected":false},"excerpt":{"rendered":"<p><strong><a href=\"http:\/\/team-theater-holzkirchen.de\/wp\/wp-content\/uploads\/2015_Plakat_Rosenbeet_final2.jpg\"><\/a>von Norman Robbins<\/strong><\/p>\n<p>Dora Henk ist eine leidenschaftliche Giftmischerin, Marcus Henk h\u00e4lt sich f\u00fcr Caesar und Oliver Henk lebt eingesperrt im Keller, weil er glaubt, ein Werwolf zu sein, und die N\u00e4chte durchheult. Mit anderen Worten: Die Familie Henk ist mehr als eigenartig. Ihr \u201eHobby\u201c: Auftragsmorde.<\/p>\n<p>Eines Tages spitzt sich im Hause Henk ein &hellip; <\/p>\n<p><a class=\"more-link btn\" href=\"http:\/\/team-theater-holzkirchen.de\/?page_id=1514\">Weiterlesen<\/a><\/p>\n","protected":false},"author":1,"featured_media":1543,"parent":32,"menu_order":-29,"comment_status":"closed","ping_status":"closed","template":"","meta":{"footnotes":""},"class_list":["post-1514","page","type-page","status-publish","has-post-thumbnail","hentry","nodate","item-wrap"],"_links":{"self":[{"href":"http:\/\/team-theater-holzkirchen.de\/index.php?rest_route=\/wp\/v2\/pages\/1514","targetHints":{"allow":["GET"]}}],"collection":[{"href":"http:\/\/team-theater-holzkirchen.de\/index.php?rest_route=\/wp\/v2\/pages"}],"about":[{"href":"http:\/\/team-theater-holzkirchen.de\/index.php?rest_route=\/wp\/v2\/types\/page"}],"author":[{"embeddable":true,"href":"http:\/\/team-theater-holzkirchen.de\/index.php?rest_route=\/wp\/v2\/users\/1"}],"replies":[{"embeddable":true,"href":"http:\/\/team-theater-holzkirchen.de\/index.php?rest_route=%2Fwp%2Fv2%2Fcomments&post=1514"}],"version-history":[{"count":8,"href":"http:\/\/team-theater-holzkirchen.de\/index.php?rest_route=\/wp\/v2\/pages\/1514\/revisions"}],"predecessor-version":[{"id":1544,"href":"http:\/\/team-theater-holzkirchen.de\/index.php?rest_route=\/wp\/v2\/pages\/1514\/revisions\/1544"}],"up":[{"embeddable":true,"href":"http:\/\/team-theater-holzkirchen.de\/index.php?rest_route=\/wp\/v2\/pages\/32"}],"wp:featuredmedia":[{"embeddable":true,"href":"http:\/\/team-theater-holzkirchen.de\/index.php?rest_route=\/wp\/v2\/media\/1543"}],"wp:attachment":[{"href":"http:\/\/team-theater-holzkirchen.de\/index.php?rest_route=%2Fwp%2Fv2%2Fmedia&parent=1514"}],"curies":[{"name":"wp","href":"https:\/\/api.w.org\/{rel}","templated":true}]}}