{"id":148,"date":"2012-02-28T21:48:00","date_gmt":"2012-02-28T20:48:00","guid":{"rendered":"http:\/\/team-theater-holzkirchen.de\/wp\/?page_id=148"},"modified":"2012-03-20T16:43:22","modified_gmt":"2012-03-20T15:43:22","slug":"2005-der-reigen","status":"publish","type":"page","link":"http:\/\/team-theater-holzkirchen.de\/?page_id=148","title":{"rendered":"2005 &#8211; Der Reigen"},"content":{"rendered":"<p><strong>von Arthur Schnitzler<\/strong><\/p>\n<p>Mit Arthur Schnitzlers &#8222;Reigen&#8220; werden die Zuschauer ins Wien der Zwanziger Jahre des vorigen Jahrhunderts entf\u00fchrt. F\u00fcnf M\u00e4nner und f\u00fcnf Frauen begegnen sich paarweise in zehn Szenen. Einer der beiden Partner dr\u00e4ngt jeweils den anderen dazu, sich hinzugeben. Danach hat man es meistens eilig, fortzukommen, um den n\u00e4chsten Partner zu verf\u00fchren, oder sich verf\u00fchren zu lassen.<\/p>\n<p>Das St\u00fcck welches bei seiner Urauff\u00fchrung im Jahre 1920 noch einen Skandal entfacht hatte, woraufhin Schnitzler selbst weitere Auff\u00fchrungen verboten hat, wird vom TeamTheaterHolzkirchen als die satirische Kom\u00f6die inszeniert, als die sie urspr\u00fcnglich gedacht war. Die ganze dekadente Wiener Gesellschaft zu Beginn des vorigen Jahrhunderts verirrt sich in seinen Begierden und versucht dabei st\u00e4ndig sein Verhalten vor sich selbst zu rechtfertigen. So tanzen nun die verschiedenen Vertreter der Wiener Gesellschaft Dirne, Soldat, Stubenm\u00e4del, junger Herr, junge Frau, Gatte, s\u00fc\u00dfes M\u00e4del, Dichter, Schauspielerin und Graf in ihren mal mehr mal weniger elegant kaschierten und oft unfreiwillig komischen Verf\u00fchrungsversuchen stets um das ber\u00fchmte &#8222;Eine&#8220;, das zwar die Triebfeder f\u00fcr einen Reigen von Begegnungen ist, jedoch nur stilisiert auf der B\u00fchne erscheint.<\/p>\n","protected":false},"excerpt":{"rendered":"<p><strong>von Arthur Schnitzler<\/strong><\/p>\n<p>Mit Arthur Schnitzlers &#8222;Reigen&#8220; werden die Zuschauer ins Wien der Zwanziger Jahre des vorigen Jahrhunderts entf\u00fchrt. F\u00fcnf M\u00e4nner und f\u00fcnf Frauen begegnen sich paarweise in zehn Szenen. Einer der beiden Partner dr\u00e4ngt jeweils den anderen dazu, sich hinzugeben. Danach hat man es meistens eilig, fortzukommen, um den n\u00e4chsten Partner zu verf\u00fchren, oder &hellip; <\/p>\n<p><a class=\"more-link btn\" href=\"http:\/\/team-theater-holzkirchen.de\/?page_id=148\">Weiterlesen<\/a><\/p>\n","protected":false},"author":1,"featured_media":0,"parent":32,"menu_order":-16,"comment_status":"closed","ping_status":"closed","template":"template-twocolumnsleft.php","meta":{"footnotes":""},"class_list":["post-148","page","type-page","status-publish","hentry","nodate","item-wrap"],"_links":{"self":[{"href":"http:\/\/team-theater-holzkirchen.de\/index.php?rest_route=\/wp\/v2\/pages\/148","targetHints":{"allow":["GET"]}}],"collection":[{"href":"http:\/\/team-theater-holzkirchen.de\/index.php?rest_route=\/wp\/v2\/pages"}],"about":[{"href":"http:\/\/team-theater-holzkirchen.de\/index.php?rest_route=\/wp\/v2\/types\/page"}],"author":[{"embeddable":true,"href":"http:\/\/team-theater-holzkirchen.de\/index.php?rest_route=\/wp\/v2\/users\/1"}],"replies":[{"embeddable":true,"href":"http:\/\/team-theater-holzkirchen.de\/index.php?rest_route=%2Fwp%2Fv2%2Fcomments&post=148"}],"version-history":[{"count":4,"href":"http:\/\/team-theater-holzkirchen.de\/index.php?rest_route=\/wp\/v2\/pages\/148\/revisions"}],"predecessor-version":[{"id":417,"href":"http:\/\/team-theater-holzkirchen.de\/index.php?rest_route=\/wp\/v2\/pages\/148\/revisions\/417"}],"up":[{"embeddable":true,"href":"http:\/\/team-theater-holzkirchen.de\/index.php?rest_route=\/wp\/v2\/pages\/32"}],"wp:attachment":[{"href":"http:\/\/team-theater-holzkirchen.de\/index.php?rest_route=%2Fwp%2Fv2%2Fmedia&parent=148"}],"curies":[{"name":"wp","href":"https:\/\/api.w.org\/{rel}","templated":true}]}}