{"id":146,"date":"2012-02-28T21:47:07","date_gmt":"2012-02-28T20:47:07","guid":{"rendered":"http:\/\/team-theater-holzkirchen.de\/wp\/?page_id=146"},"modified":"2012-10-27T17:11:56","modified_gmt":"2012-10-27T15:11:56","slug":"2004-ein-sommernachtstraum","status":"publish","type":"page","link":"http:\/\/team-theater-holzkirchen.de\/?page_id=146","title":{"rendered":"2004 &#8211; Ein Sommernachtstraum"},"content":{"rendered":"<p><strong>von William Shakespeare<\/strong><\/p>\n<p>Er ist der Klassiker unter den Kom\u00f6dien Shakespeares. Jeder kennt ihn, oder doch nicht? Nun, f\u00fcr alle, denen dieser Traum entfleucht ist, oder ihn bisher nicht tr\u00e4umten, hier eine kurze Einf\u00fchrung. Zun\u00e4chst aber: Er mache es uns &#8211; seinem Publikum &#8211; nicht leicht, der gute, alte Shakespeare.<\/p>\n<p>Die Story spielt im England der fr\u00fchen Neuzeit, der Epoche Elizabeths I.. Die Figuren stammen zum Teil aus der griechischen Mythologie, aber auch aus dem englisch-keltischen Volksglauben. Drei Welten mischen sich: die der Adligen am Herzoghof, die der kleinb\u00fcrgerlichen Handwerker und die \u00fcbersinnliche der Elfen und Kobolde. Damit reicht die Verwirrung aber noch nicht. Vier junge Adlige geraten in das Wirrwarr von Standesrecht und -pflicht, eigenem Verlangen und Zauberwerk, verlieben, entlieben und verlieben sich unentwegt neu und durcheinander, so da\u00df nicht nur sie kaum mehr wissen, wo ihnen der Kopf steht, sonderm auch dem aufmerksamen Zuschauer schlie\u00dflich der Sch\u00e4del brummt. Und Zwist zwischen dem Elfenherrscherpaar, der die gesamt Natur auf den Kopf stellt, aber auch die eigenm\u00e4chtigen R\u00e4nke des schalkhaften Kobolds Puck machen das Durcheinander vollends komplett.<\/p>\n<p>Wem das alles zu un\u00fcbersichtlich und zu schnell ist sei zum Trost gesagt: seit 500 Jahren ging das Dutzenden von Zuschauer-Generationen nicht anders. Als Tipp: machen sie es einfach wie das Publikum in einer Zaubershow. Erg\u00f6tzen sie sich an der Vorstellung, auch &#8211; oder gerade weil &#8211; sie nicht hinter alles kommen. Das ist schlie\u00dflich keine Schande. Denn der Magier, der diese Geschichte schuf, William Shakespeare, ist immerhin der ber\u00fchmteste Dramatiker der Theatergeschichte.<\/p>\n<p>(Quelle: Dr. G\u00fcnter Bielemeier im Programmheft des TeamTheaterHolzkirchen)<\/p>\n","protected":false},"excerpt":{"rendered":"<p><strong>von William Shakespeare<\/strong><\/p>\n<p>Er ist der Klassiker unter den Kom\u00f6dien Shakespeares. Jeder kennt ihn, oder doch nicht? Nun, f\u00fcr alle, denen dieser Traum entfleucht ist, oder ihn bisher nicht tr\u00e4umten, hier eine kurze Einf\u00fchrung. Zun\u00e4chst aber: Er mache es uns &#8211; seinem Publikum &#8211; nicht leicht, der gute, alte Shakespeare.<\/p>\n<p>Die Story spielt im England &hellip; <\/p>\n<p><a class=\"more-link btn\" href=\"http:\/\/team-theater-holzkirchen.de\/?page_id=146\">Weiterlesen<\/a><\/p>\n","protected":false},"author":1,"featured_media":654,"parent":32,"menu_order":-15,"comment_status":"closed","ping_status":"closed","template":"template-twocolumnsleft.php","meta":{"footnotes":""},"class_list":["post-146","page","type-page","status-publish","has-post-thumbnail","hentry","nodate","item-wrap"],"_links":{"self":[{"href":"http:\/\/team-theater-holzkirchen.de\/index.php?rest_route=\/wp\/v2\/pages\/146","targetHints":{"allow":["GET"]}}],"collection":[{"href":"http:\/\/team-theater-holzkirchen.de\/index.php?rest_route=\/wp\/v2\/pages"}],"about":[{"href":"http:\/\/team-theater-holzkirchen.de\/index.php?rest_route=\/wp\/v2\/types\/page"}],"author":[{"embeddable":true,"href":"http:\/\/team-theater-holzkirchen.de\/index.php?rest_route=\/wp\/v2\/users\/1"}],"replies":[{"embeddable":true,"href":"http:\/\/team-theater-holzkirchen.de\/index.php?rest_route=%2Fwp%2Fv2%2Fcomments&post=146"}],"version-history":[{"count":10,"href":"http:\/\/team-theater-holzkirchen.de\/index.php?rest_route=\/wp\/v2\/pages\/146\/revisions"}],"predecessor-version":[{"id":1185,"href":"http:\/\/team-theater-holzkirchen.de\/index.php?rest_route=\/wp\/v2\/pages\/146\/revisions\/1185"}],"up":[{"embeddable":true,"href":"http:\/\/team-theater-holzkirchen.de\/index.php?rest_route=\/wp\/v2\/pages\/32"}],"wp:featuredmedia":[{"embeddable":true,"href":"http:\/\/team-theater-holzkirchen.de\/index.php?rest_route=\/wp\/v2\/media\/654"}],"wp:attachment":[{"href":"http:\/\/team-theater-holzkirchen.de\/index.php?rest_route=%2Fwp%2Fv2%2Fmedia&parent=146"}],"curies":[{"name":"wp","href":"https:\/\/api.w.org\/{rel}","templated":true}]}}