{"id":1458,"date":"2015-02-19T15:36:02","date_gmt":"2015-02-19T14:36:02","guid":{"rendered":"http:\/\/team-theater-holzkirchen.de\/?page_id=1458"},"modified":"2015-06-18T18:09:49","modified_gmt":"2015-06-18T16:09:49","slug":"2014-zieh-den-stecker-raus-das-wasser-kocht","status":"publish","type":"page","link":"http:\/\/team-theater-holzkirchen.de\/?page_id=1458","title":{"rendered":"2014 &#8211; Zieh den Stecker raus, das Wasser kocht"},"content":{"rendered":"<p><strong>von Ephraim Kishon<\/strong><\/p>\n<p><a href=\"http:\/\/team-theater-holzkirchen.de\/wp\/wp-content\/uploads\/2014_Plakat_Zieh-den-Stecker.jpg\" target=\"_blank\"><img loading=\"lazy\" decoding=\"async\" class=\"alignright wp-image-1410 size-medium\" src=\"http:\/\/team-theater-holzkirchen.de\/wp\/wp-content\/uploads\/2014_Plakat_Zieh-den-Stecker-212x300.jpg\" alt=\"2014_Plakat_Zieh den Stecker\" width=\"212\" height=\"300\" srcset=\"http:\/\/team-theater-holzkirchen.de\/wp\/wp-content\/uploads\/2014_Plakat_Zieh-den-Stecker-212x300.jpg 212w, http:\/\/team-theater-holzkirchen.de\/wp\/wp-content\/uploads\/2014_Plakat_Zieh-den-Stecker.jpg 424w\" sizes=\"auto, (max-width: 212px) 100vw, 212px\" \/><\/a><\/p>\n<p>In der irrwitzigen Kunst-Satire lernen wir den jungen Maler Raphael kennen, einen Rembrandt-Verehrer, der wenig Erfolg mit seinen Bildern hat. Auch Kunstkritikerin Sarah Kirschbaum findet keinen Gefallen an seinen Werken, bis ihr Blick auf eine zuf\u00e4llige Konstruktion f\u00e4llt: Um den Stecker in der Deckenlampe zu erreichen, wurden Tisch, Stuhl, Schemel und Teekessel aufeinander get\u00fcrmt. Kirschbaum ist begeistert.<\/p>\n<p>Raphael wird von der Kunstszene gefeiert, h\u00e4lt aber die Verwechslungskom\u00f6die nicht lange aus. Unf\u00e4hig, sich f\u00fcr etwas feiern zu lassen, das er verachtet, rechnet er mit der modernen Kunst und ihrer absurden Vermarktung von zusammengew\u00fcrfeltem Schrott ab.<\/p>\n","protected":false},"excerpt":{"rendered":"<p><strong>von Ephraim Kishon<\/strong><\/p>\n<p><a href=\"http:\/\/team-theater-holzkirchen.de\/wp\/wp-content\/uploads\/2014_Plakat_Zieh-den-Stecker.jpg\" target=\"_blank\"><\/a><\/p>\n<p>In der irrwitzigen Kunst-Satire lernen wir den jungen Maler Raphael kennen, einen Rembrandt-Verehrer, der wenig Erfolg mit seinen Bildern hat. Auch Kunstkritikerin Sarah Kirschbaum findet keinen Gefallen an seinen Werken, bis ihr Blick auf eine zuf\u00e4llige Konstruktion f\u00e4llt: Um den Stecker in der Deckenlampe zu erreichen, wurden Tisch, Stuhl, &hellip; <\/p>\n<p><a class=\"more-link btn\" href=\"http:\/\/team-theater-holzkirchen.de\/?page_id=1458\">Weiterlesen<\/a><\/p>\n","protected":false},"author":1,"featured_media":1410,"parent":32,"menu_order":-28,"comment_status":"closed","ping_status":"closed","template":"","meta":{"footnotes":""},"class_list":["post-1458","page","type-page","status-publish","has-post-thumbnail","hentry","nodate","item-wrap"],"_links":{"self":[{"href":"http:\/\/team-theater-holzkirchen.de\/index.php?rest_route=\/wp\/v2\/pages\/1458","targetHints":{"allow":["GET"]}}],"collection":[{"href":"http:\/\/team-theater-holzkirchen.de\/index.php?rest_route=\/wp\/v2\/pages"}],"about":[{"href":"http:\/\/team-theater-holzkirchen.de\/index.php?rest_route=\/wp\/v2\/types\/page"}],"author":[{"embeddable":true,"href":"http:\/\/team-theater-holzkirchen.de\/index.php?rest_route=\/wp\/v2\/users\/1"}],"replies":[{"embeddable":true,"href":"http:\/\/team-theater-holzkirchen.de\/index.php?rest_route=%2Fwp%2Fv2%2Fcomments&post=1458"}],"version-history":[{"count":4,"href":"http:\/\/team-theater-holzkirchen.de\/index.php?rest_route=\/wp\/v2\/pages\/1458\/revisions"}],"predecessor-version":[{"id":1512,"href":"http:\/\/team-theater-holzkirchen.de\/index.php?rest_route=\/wp\/v2\/pages\/1458\/revisions\/1512"}],"up":[{"embeddable":true,"href":"http:\/\/team-theater-holzkirchen.de\/index.php?rest_route=\/wp\/v2\/pages\/32"}],"wp:featuredmedia":[{"embeddable":true,"href":"http:\/\/team-theater-holzkirchen.de\/index.php?rest_route=\/wp\/v2\/media\/1410"}],"wp:attachment":[{"href":"http:\/\/team-theater-holzkirchen.de\/index.php?rest_route=%2Fwp%2Fv2%2Fmedia&parent=1458"}],"curies":[{"name":"wp","href":"https:\/\/api.w.org\/{rel}","templated":true}]}}