{"id":138,"date":"2012-02-28T21:44:10","date_gmt":"2012-02-28T20:44:10","guid":{"rendered":"http:\/\/team-theater-holzkirchen.de\/wp\/?page_id=138"},"modified":"2012-10-15T14:42:38","modified_gmt":"2012-10-15T12:42:38","slug":"2003-miniaturen","status":"publish","type":"page","link":"http:\/\/team-theater-holzkirchen.de\/?page_id=138","title":{"rendered":"2003 &#8211; Miniaturen"},"content":{"rendered":"<p><strong>von Curt Goetz<\/strong><\/p>\n<p>&#8222;Die Rache&#8220; &#8211; Beim ehemaligen Staatsanwalt von Alten erscheint ein Besucher, der auf Rache sinnt.<\/p>\n<p>&#8222;Herbst&#8220; &#8211; In einem Kurpark wird der ehemalige Intendant Graf Dingelst\u00e4dt plastisch an Vergangenes erinnert.<\/p>\n<p>&#8222;Die Kommode&#8220; &#8211; Intendant Benneckendorf gibt sich die Ehre, die Familie seines Theaterfriseurs Fr\u00f6hlich zu besuchen und Tante Kl\u00e4rchen besitzt eine alte Kommode, die es in sich hat.<\/p>\n<p><em>&#8222;Was wir wirklich gebraucht h\u00e4tten&#8220;, sagte mein Vater, als ich geboren war, &#8222;w\u00e4re eine Kommode f\u00fcrs Wohnzimmer gewesen.&#8220; (Curt Goetz zur Themenfindung seines letzten Einakters)<\/em><\/p>\n","protected":false},"excerpt":{"rendered":"<p><strong>von Curt Goetz<\/strong><\/p>\n<p>&#8222;Die Rache&#8220; &#8211; Beim ehemaligen Staatsanwalt von Alten erscheint ein Besucher, der auf Rache sinnt.<\/p>\n<p>&#8222;Herbst&#8220; &#8211; In einem Kurpark wird der ehemalige Intendant Graf Dingelst\u00e4dt plastisch an Vergangenes erinnert.<\/p>\n<p>&#8222;Die Kommode&#8220; &#8211; Intendant Benneckendorf gibt sich die Ehre, die Familie seines Theaterfriseurs Fr\u00f6hlich zu besuchen und Tante Kl\u00e4rchen besitzt eine alte &hellip; <\/p>\n<p><a class=\"more-link btn\" href=\"http:\/\/team-theater-holzkirchen.de\/?page_id=138\">Weiterlesen<\/a><\/p>\n","protected":false},"author":1,"featured_media":0,"parent":32,"menu_order":-12,"comment_status":"closed","ping_status":"closed","template":"template-twocolumnsleft.php","meta":{"footnotes":""},"class_list":["post-138","page","type-page","status-publish","hentry","nodate","item-wrap"],"_links":{"self":[{"href":"http:\/\/team-theater-holzkirchen.de\/index.php?rest_route=\/wp\/v2\/pages\/138","targetHints":{"allow":["GET"]}}],"collection":[{"href":"http:\/\/team-theater-holzkirchen.de\/index.php?rest_route=\/wp\/v2\/pages"}],"about":[{"href":"http:\/\/team-theater-holzkirchen.de\/index.php?rest_route=\/wp\/v2\/types\/page"}],"author":[{"embeddable":true,"href":"http:\/\/team-theater-holzkirchen.de\/index.php?rest_route=\/wp\/v2\/users\/1"}],"replies":[{"embeddable":true,"href":"http:\/\/team-theater-holzkirchen.de\/index.php?rest_route=%2Fwp%2Fv2%2Fcomments&post=138"}],"version-history":[{"count":8,"href":"http:\/\/team-theater-holzkirchen.de\/index.php?rest_route=\/wp\/v2\/pages\/138\/revisions"}],"predecessor-version":[{"id":140,"href":"http:\/\/team-theater-holzkirchen.de\/index.php?rest_route=\/wp\/v2\/pages\/138\/revisions\/140"}],"up":[{"embeddable":true,"href":"http:\/\/team-theater-holzkirchen.de\/index.php?rest_route=\/wp\/v2\/pages\/32"}],"wp:attachment":[{"href":"http:\/\/team-theater-holzkirchen.de\/index.php?rest_route=%2Fwp%2Fv2%2Fmedia&parent=138"}],"curies":[{"name":"wp","href":"https:\/\/api.w.org\/{rel}","templated":true}]}}