{"id":134,"date":"2012-02-28T21:42:33","date_gmt":"2012-02-28T20:42:33","guid":{"rendered":"http:\/\/team-theater-holzkirchen.de\/wp\/?page_id=134"},"modified":"2012-10-27T16:52:33","modified_gmt":"2012-10-27T14:52:33","slug":"2002-ein-gemutliches-wochenende","status":"publish","type":"page","link":"http:\/\/team-theater-holzkirchen.de\/?page_id=134","title":{"rendered":"2002 &#8211; Ein gem\u00fctliches Wochenende"},"content":{"rendered":"<p><strong>von Jean Stuart<\/strong><\/p>\n<p>Ein gem\u00fctliches Wochenende, darunter stellt sich der erfolgreiche Krimiautor Raymond Villardier ein romantisches, zweit\u00e4giges Tete-a-deux mit seiner jungen, h\u00fcbschen Geliebten in seinem schicken Landhaus vor. Kein Zweifel, wir sind in einer franz\u00f6sischen Kom\u00f6die. Nur will sich die Realit\u00e4t partout nicht der Phantasie eines Krimiautors anpassen. Es f\u00e4ngt schon damit an, dass sein bester Freund, der Bankier Emile, zuf\u00e4llig am selben Wochenende auf die Idee kommt, seine junge Geliebte, eine Schauspielerin, dem Freund vorzustellen. Nat\u00fcrlich l\u00e4sst sich in einem Landhaus auch trefflich ein gemischtes Doppel spielen. Leider hat Emile in seiner Gutm\u00fctigkeit nicht nein sagen k\u00f6nnen, als Villardiers Frau bat, mitkommen zu d\u00fcrfen. Und da wir in einer Kom\u00f6die sind, musste nat\u00fcrlich die zuf\u00e4llig zu Besuch weilende Mama, also Villardiers Schwiegermutter, ebenfalls mitkommen.<\/p>\n<p>Selbstverst\u00e4ndlich muss man von einem Schriftsteller erwarten d\u00fcrfen, gen\u00fcgend Phantasie zu besitzen, um mit solch einer Situation fertig zu werden. Leider wurde aber unweit des Landhauses eine Bank \u00fcberfallen, was die Situation nicht gerade erleichtert. Doch nach heftiger Verwirrung, mehreren Sch\u00fcssen, einer Vaterschaft Clark Gables, zwanzig verschwundenen EURO-Millionen, einer Partie Ecart\u00e9, einigen hei\u00dfen Liebesn\u00e4chten, einer Infektion, einem messerscharf kombinierenden Inspektor, einer Insel mit Vogeldreck und einem W\u00e4schebeutel werden aus acht ungl\u00fccklichen Menschen vier gl\u00fcckliche Liebespaare.<\/p>\n<p>(Quelle: Programmheft des TeamTheaterHolzkirchen)<\/p>\n","protected":false},"excerpt":{"rendered":"<p><strong>von Jean Stuart<\/strong><\/p>\n<p>Ein gem\u00fctliches Wochenende, darunter stellt sich der erfolgreiche Krimiautor Raymond Villardier ein romantisches, zweit\u00e4giges Tete-a-deux mit seiner jungen, h\u00fcbschen Geliebten in seinem schicken Landhaus vor. Kein Zweifel, wir sind in einer franz\u00f6sischen Kom\u00f6die. Nur will sich die Realit\u00e4t partout nicht der Phantasie eines Krimiautors anpassen. Es f\u00e4ngt schon damit an, dass sein &hellip; <\/p>\n<p><a class=\"more-link btn\" href=\"http:\/\/team-theater-holzkirchen.de\/?page_id=134\">Weiterlesen<\/a><\/p>\n","protected":false},"author":1,"featured_media":1043,"parent":32,"menu_order":-11,"comment_status":"closed","ping_status":"closed","template":"template-twocolumnsleft.php","meta":{"footnotes":""},"class_list":["post-134","page","type-page","status-publish","has-post-thumbnail","hentry","nodate","item-wrap"],"_links":{"self":[{"href":"http:\/\/team-theater-holzkirchen.de\/index.php?rest_route=\/wp\/v2\/pages\/134","targetHints":{"allow":["GET"]}}],"collection":[{"href":"http:\/\/team-theater-holzkirchen.de\/index.php?rest_route=\/wp\/v2\/pages"}],"about":[{"href":"http:\/\/team-theater-holzkirchen.de\/index.php?rest_route=\/wp\/v2\/types\/page"}],"author":[{"embeddable":true,"href":"http:\/\/team-theater-holzkirchen.de\/index.php?rest_route=\/wp\/v2\/users\/1"}],"replies":[{"embeddable":true,"href":"http:\/\/team-theater-holzkirchen.de\/index.php?rest_route=%2Fwp%2Fv2%2Fcomments&post=134"}],"version-history":[{"count":8,"href":"http:\/\/team-theater-holzkirchen.de\/index.php?rest_route=\/wp\/v2\/pages\/134\/revisions"}],"predecessor-version":[{"id":1176,"href":"http:\/\/team-theater-holzkirchen.de\/index.php?rest_route=\/wp\/v2\/pages\/134\/revisions\/1176"}],"up":[{"embeddable":true,"href":"http:\/\/team-theater-holzkirchen.de\/index.php?rest_route=\/wp\/v2\/pages\/32"}],"wp:featuredmedia":[{"embeddable":true,"href":"http:\/\/team-theater-holzkirchen.de\/index.php?rest_route=\/wp\/v2\/media\/1043"}],"wp:attachment":[{"href":"http:\/\/team-theater-holzkirchen.de\/index.php?rest_route=%2Fwp%2Fv2%2Fmedia&parent=134"}],"curies":[{"name":"wp","href":"https:\/\/api.w.org\/{rel}","templated":true}]}}