{"id":132,"date":"2012-02-28T21:41:55","date_gmt":"2012-02-28T20:41:55","guid":{"rendered":"http:\/\/team-theater-holzkirchen.de\/wp\/?page_id=132"},"modified":"2012-10-27T16:51:21","modified_gmt":"2012-10-27T14:51:21","slug":"2001-jagdszenen-aus-niederbayern","status":"publish","type":"page","link":"http:\/\/team-theater-holzkirchen.de\/?page_id=132","title":{"rendered":"2001 &#8211; Jagdszenen aus Niederbayern"},"content":{"rendered":"<p><strong><a href=\"http:\/\/team-theater-holzkirchen.de\/wp\/wp-content\/uploads\/2001_Plakat_Jagdszenen.jpg\"><img loading=\"lazy\" decoding=\"async\" class=\"alignright size-medium wp-image-1153\" title=\"2001_Plakat_Jagdszenen\" src=\"http:\/\/team-theater-holzkirchen.de\/wp\/wp-content\/uploads\/2001_Plakat_Jagdszenen-210x300.jpg\" alt=\"\" width=\"210\" height=\"300\" srcset=\"http:\/\/team-theater-holzkirchen.de\/wp\/wp-content\/uploads\/2001_Plakat_Jagdszenen-210x300.jpg 210w, http:\/\/team-theater-holzkirchen.de\/wp\/wp-content\/uploads\/2001_Plakat_Jagdszenen.jpg 315w\" sizes=\"auto, (max-width: 210px) 100vw, 210px\" \/><\/a>von Martin Speer<\/strong><\/p>\n<p>Ein\u00f6d, irgendwo in (Nieder-)Bayern. Der zweite Weltkrieg ist vorbei, die W\u00e4hrungsreform ist geschafft. Es gibt wieder Fleisch, es gibt wieder Ordnung. Und es gibt diejenigen, die nicht in die Ordnung passen. Die, auf die Jagd gemacht wird bis man wieder &#8222;unter sich&#8220; ist und feiern kann.<\/p>\n<p>Die Zenta wei\u00df vom Beppo, dass der Abram &#8222;so Sachen&#8220; gemacht hat mit dem Knecht vom Gruber. Au\u00dferdem soll er der Sohn von der Barbara sein, einer flei\u00dfigen Landfrau, die aber erst seit kurzem im Dorf lebt.<br \/>\nUnd nun wohnt der Abram bei der Maria, einer verheirateten Frau, deren Mann seit dem Krieg vermisst ist und die darauf wartet, dass er endlich f\u00fcr tot erkl\u00e4rt wird. Damit sie ihren ehemaligen Knecht Volker heiraten kann, mit dem sie aber jetzt schon zusammenlebt. Au\u00dferdem hat sie einen fast erwachsenen Sohn, Rovo, der jedoch wegen seiner Schwerf\u00e4lligkeit allgemein als &#8222;Dorfdepp&#8220; gilt. Er ist halt auch nicht so, wie &#8222;man&#8220; im Dorf nun mal ist.<br \/>\nDie junge Tonka erwartet ein Kind von Abram. Das macht sie in den Augen der Dorfbewohner zur Hure.<\/p>\n<p>Die Jagd kann beginnen. Zun\u00e4chst durch Tratsch, dann mehr und mehr durch immer unverhohlenere Blo\u00dfstellung. Als Abrahm schlie\u00dflich zum M\u00f6rder wird, wird er schlie\u00dflich im Wortsinne gejagt.<\/p>\n<div>Am Ende sind sie alle weg, die St\u00f6renfriede. Der Schwule, seine Mutter, die angeblich immer bevorzugte Schlesier, die Hure, der Dorfdepp. Und Maria geh\u00f6rt wieder zu den Anst\u00e4ndigen, nachdem ihr Mann f\u00fcr tot erkl\u00e4rt worden ist und sie ihren Volker heiraten wird. Es wird gefeiert und Gott gedankt, denn die Ordnung im Dorf ist wiederhergestellt. &#8222;Gut, dass die [&#8230;] weg sind [&#8230;]. Da k\u00e4m die Stadt schon aufs Land raus&#8220;.<\/div>\n<div>\u00a0<\/div>\n<div>(Quelle: Programmheft des TeamTheaterHolzkirchen)<\/div>\n","protected":false},"excerpt":{"rendered":"<p><strong><a href=\"http:\/\/team-theater-holzkirchen.de\/wp\/wp-content\/uploads\/2001_Plakat_Jagdszenen.jpg\"><\/a>von Martin Speer<\/strong><\/p>\n<p>Ein\u00f6d, irgendwo in (Nieder-)Bayern. Der zweite Weltkrieg ist vorbei, die W\u00e4hrungsreform ist geschafft. Es gibt wieder Fleisch, es gibt wieder Ordnung. Und es gibt diejenigen, die nicht in die Ordnung passen. Die, auf die Jagd gemacht wird bis man wieder &#8222;unter sich&#8220; ist und feiern kann.<\/p>\n<p>Die Zenta wei\u00df vom Beppo, &hellip; <\/p>\n<p><a class=\"more-link btn\" href=\"http:\/\/team-theater-holzkirchen.de\/?page_id=132\">Weiterlesen<\/a><\/p>\n","protected":false},"author":1,"featured_media":1154,"parent":32,"menu_order":-10,"comment_status":"closed","ping_status":"closed","template":"template-twocolumnsleft.php","meta":{"footnotes":""},"class_list":["post-132","page","type-page","status-publish","has-post-thumbnail","hentry","nodate","item-wrap"],"_links":{"self":[{"href":"http:\/\/team-theater-holzkirchen.de\/index.php?rest_route=\/wp\/v2\/pages\/132","targetHints":{"allow":["GET"]}}],"collection":[{"href":"http:\/\/team-theater-holzkirchen.de\/index.php?rest_route=\/wp\/v2\/pages"}],"about":[{"href":"http:\/\/team-theater-holzkirchen.de\/index.php?rest_route=\/wp\/v2\/types\/page"}],"author":[{"embeddable":true,"href":"http:\/\/team-theater-holzkirchen.de\/index.php?rest_route=\/wp\/v2\/users\/1"}],"replies":[{"embeddable":true,"href":"http:\/\/team-theater-holzkirchen.de\/index.php?rest_route=%2Fwp%2Fv2%2Fcomments&post=132"}],"version-history":[{"count":13,"href":"http:\/\/team-theater-holzkirchen.de\/index.php?rest_route=\/wp\/v2\/pages\/132\/revisions"}],"predecessor-version":[{"id":1148,"href":"http:\/\/team-theater-holzkirchen.de\/index.php?rest_route=\/wp\/v2\/pages\/132\/revisions\/1148"}],"up":[{"embeddable":true,"href":"http:\/\/team-theater-holzkirchen.de\/index.php?rest_route=\/wp\/v2\/pages\/32"}],"wp:featuredmedia":[{"embeddable":true,"href":"http:\/\/team-theater-holzkirchen.de\/index.php?rest_route=\/wp\/v2\/media\/1154"}],"wp:attachment":[{"href":"http:\/\/team-theater-holzkirchen.de\/index.php?rest_route=%2Fwp%2Fv2%2Fmedia&parent=132"}],"curies":[{"name":"wp","href":"https:\/\/api.w.org\/{rel}","templated":true}]}}