{"id":130,"date":"2012-02-28T21:41:02","date_gmt":"2012-02-28T20:41:02","guid":{"rendered":"http:\/\/team-theater-holzkirchen.de\/wp\/?page_id=130"},"modified":"2012-10-15T11:09:58","modified_gmt":"2012-10-15T09:09:58","slug":"2000-sturm-im-wasserglas","status":"publish","type":"page","link":"http:\/\/team-theater-holzkirchen.de\/?page_id=130","title":{"rendered":"2000 &#8211; Sturm im Wasserglas"},"content":{"rendered":"<p><strong><a href=\"http:\/\/team-theater-holzkirchen.de\/wp\/wp-content\/uploads\/2000_Plakat_Sturm-im-Wasserglas.jpg\"><img loading=\"lazy\" decoding=\"async\" class=\"alignright size-medium wp-image-882\" title=\"2000_Plakat_Sturm im Wasserglas\" src=\"http:\/\/team-theater-holzkirchen.de\/wp\/wp-content\/uploads\/2000_Plakat_Sturm-im-Wasserglas-204x300.jpg\" alt=\"\" width=\"204\" height=\"300\" srcset=\"http:\/\/team-theater-holzkirchen.de\/wp\/wp-content\/uploads\/2000_Plakat_Sturm-im-Wasserglas-204x300.jpg 204w, http:\/\/team-theater-holzkirchen.de\/wp\/wp-content\/uploads\/2000_Plakat_Sturm-im-Wasserglas-696x1024.jpg 696w, http:\/\/team-theater-holzkirchen.de\/wp\/wp-content\/uploads\/2000_Plakat_Sturm-im-Wasserglas.jpg 1676w\" sizes=\"auto, (max-width: 204px) 100vw, 204px\" \/><\/a>von Bruno Frank<\/strong><\/p>\n<p>In diesem Lustspiel soll eine liebenswerte Promenadenmischung von Amts wegen umgebracht werden. Das Tier ist nicht etwa bissig, nein sein Frauchen kann einfach die drastisch erh\u00f6hte Hundesteuer nicht aufbringen, zumal ihr Blumenstand nach der Verlegung einer Stra\u00dfenkreuzung mit starkem Umsatzr\u00fcckgang zu k\u00e4mpfen hat.<\/p>\n<p>Ma\u00dfgeblich verantwortlich f\u00fcr diese kommunalen Entscheidungen, die (wie immer) auf dem R\u00fccken der Stadtbewohner ausgetragen werden, ist Stadtrat Thoss. Der prinzipientreue Politiker arbeitet zielstrebig an seiner Karriere und ist eben kurz davor, vom Magistrat zum B\u00fcrgermeister gew\u00e4hlt zu werden.<\/p>\n<p>Es deckt ein couragierter Journalist die Widerspr\u00fcche zwischen den wohlklingenden Reden von Thoss und seinen unmenschlichen Entscheidungen auf. Eine Veranstaltung mit Thoss als Hauptredner ger\u00e4t zum Eklat. Der &#8222;Sturm im Wasserglas&#8220; bricht los. In der Folge kommt es zu Demonstrationen, Spendensammlungen, es trennen sich und finden sich Paare. Schlie\u00dflich kommt es zum Prozess. In der Auseinandersetzung von Prinzipienreiterei und Sachzw\u00e4ngen gegen Menschlichkeit und Verstand ist das St\u00fcck also auch heute noch durchaus aktuell.<\/p>\n","protected":false},"excerpt":{"rendered":"<p><strong><a href=\"http:\/\/team-theater-holzkirchen.de\/wp\/wp-content\/uploads\/2000_Plakat_Sturm-im-Wasserglas.jpg\"><\/a>von Bruno Frank<\/strong><\/p>\n<p>In diesem Lustspiel soll eine liebenswerte Promenadenmischung von Amts wegen umgebracht werden. Das Tier ist nicht etwa bissig, nein sein Frauchen kann einfach die drastisch erh\u00f6hte Hundesteuer nicht aufbringen, zumal ihr Blumenstand nach der Verlegung einer Stra\u00dfenkreuzung mit starkem Umsatzr\u00fcckgang zu k\u00e4mpfen hat.<\/p>\n<p>Ma\u00dfgeblich verantwortlich f\u00fcr diese kommunalen Entscheidungen, die (wie &hellip; <\/p>\n<p><a class=\"more-link btn\" href=\"http:\/\/team-theater-holzkirchen.de\/?page_id=130\">Weiterlesen<\/a><\/p>\n","protected":false},"author":1,"featured_media":0,"parent":32,"menu_order":-9,"comment_status":"closed","ping_status":"closed","template":"template-twocolumnsleft.php","meta":{"footnotes":""},"class_list":["post-130","page","type-page","status-publish","hentry","nodate","item-wrap"],"_links":{"self":[{"href":"http:\/\/team-theater-holzkirchen.de\/index.php?rest_route=\/wp\/v2\/pages\/130","targetHints":{"allow":["GET"]}}],"collection":[{"href":"http:\/\/team-theater-holzkirchen.de\/index.php?rest_route=\/wp\/v2\/pages"}],"about":[{"href":"http:\/\/team-theater-holzkirchen.de\/index.php?rest_route=\/wp\/v2\/types\/page"}],"author":[{"embeddable":true,"href":"http:\/\/team-theater-holzkirchen.de\/index.php?rest_route=\/wp\/v2\/users\/1"}],"replies":[{"embeddable":true,"href":"http:\/\/team-theater-holzkirchen.de\/index.php?rest_route=%2Fwp%2Fv2%2Fcomments&post=130"}],"version-history":[{"count":8,"href":"http:\/\/team-theater-holzkirchen.de\/index.php?rest_route=\/wp\/v2\/pages\/130\/revisions"}],"predecessor-version":[{"id":430,"href":"http:\/\/team-theater-holzkirchen.de\/index.php?rest_route=\/wp\/v2\/pages\/130\/revisions\/430"}],"up":[{"embeddable":true,"href":"http:\/\/team-theater-holzkirchen.de\/index.php?rest_route=\/wp\/v2\/pages\/32"}],"wp:attachment":[{"href":"http:\/\/team-theater-holzkirchen.de\/index.php?rest_route=%2Fwp%2Fv2%2Fmedia&parent=130"}],"curies":[{"name":"wp","href":"https:\/\/api.w.org\/{rel}","templated":true}]}}