{"id":128,"date":"2012-02-28T21:40:15","date_gmt":"2012-02-28T20:40:15","guid":{"rendered":"http:\/\/team-theater-holzkirchen.de\/wp\/?page_id=128"},"modified":"2012-10-27T16:36:57","modified_gmt":"2012-10-27T14:36:57","slug":"1999-der-kater-oder-wie-man-das-spiel-spielt","status":"publish","type":"page","link":"http:\/\/team-theater-holzkirchen.de\/?page_id=128","title":{"rendered":"1999 &#8211; Der Kater, oder wie man das Spiel spielt"},"content":{"rendered":"<p><strong><a href=\"http:\/\/team-theater-holzkirchen.de\/wp\/wp-content\/uploads\/1999_Plakat_Der-Kater.jpg\"><img loading=\"lazy\" decoding=\"async\" class=\"alignright size-medium wp-image-897\" title=\"1999_Plakat_Der Kater\" src=\"http:\/\/team-theater-holzkirchen.de\/wp\/wp-content\/uploads\/1999_Plakat_Der-Kater-210x300.jpg\" alt=\"\" width=\"210\" height=\"300\" srcset=\"http:\/\/team-theater-holzkirchen.de\/wp\/wp-content\/uploads\/1999_Plakat_Der-Kater-210x300.jpg 210w, http:\/\/team-theater-holzkirchen.de\/wp\/wp-content\/uploads\/1999_Plakat_Der-Kater-717x1024.jpg 717w, http:\/\/team-theater-holzkirchen.de\/wp\/wp-content\/uploads\/1999_Plakat_Der-Kater.jpg 1732w\" sizes=\"auto, (max-width: 210px) 100vw, 210px\" \/><\/a>von Tankret Dorst<\/strong><\/p>\n<p>&#8222;Der Kater oder wie man das Spiel spielt&#8220; ist eine Bearbeitung von Ludwig Tiecks 1797 erschienenen St\u00fccks &#8222;Der gestiefelte Kater&#8220;. Das Thema Spiel-im-Spiel, oder Theater-auf-dem-Theater war in der Romantik ein beliebtes Sujet unter den Theaterautoren. Tankret Dorst hat den Stoff genommen und ihn vorsichtig modernisiert. [&#8230;]<\/p>\n<p>Der Inhalt des St\u00fccks selber: im Theater wird das M\u00e4rchen &#8222;Der gestiefelte Kater&#8220; in einer modernen Fassung uraufgef\u00fchrt. Die Zuschauer mokieren sich dar\u00fcber, da\u00df so etwas in ihrem Theater gezeigt wird. Die Urauff\u00fchrung scheint zun\u00e4chst unter einem ung\u00fcnstigen Stern zu stehen, ist doch der Hauptdarsteller erkrankt und mu\u00df kurzfristig ersetzt werden.\u00a0Danach l\u00e4uft das St\u00fcck aber wie St\u00fccke immer laufen. Auch wenn das Publikum pfeift, der Dichter auf die B\u00fchne kommt, um sein St\u00fcck zu retten, der Ersatzdarsteller aus der Rolle f\u00e4llt, sein Kollege den Text vergi\u00dft, der Vorhang zur Unzeit aufgeht, etc., so wird der Abendspielleiter am Ende notieren: &#8222;Keine besonderen Vorkommnisse!&#8220;<\/p>\n<p>(Quelle: Programmheft des TeamTheaterHolzkirchen)<\/p>\n","protected":false},"excerpt":{"rendered":"<p><strong><a href=\"http:\/\/team-theater-holzkirchen.de\/wp\/wp-content\/uploads\/1999_Plakat_Der-Kater.jpg\"><\/a>von Tankret Dorst<\/strong><\/p>\n<p>&#8222;Der Kater oder wie man das Spiel spielt&#8220; ist eine Bearbeitung von Ludwig Tiecks 1797 erschienenen St\u00fccks &#8222;Der gestiefelte Kater&#8220;. Das Thema Spiel-im-Spiel, oder Theater-auf-dem-Theater war in der Romantik ein beliebtes Sujet unter den Theaterautoren. Tankret Dorst hat den Stoff genommen und ihn vorsichtig modernisiert. [&#8230;]<\/p>\n<p>Der Inhalt des St\u00fccks selber: &hellip; <\/p>\n<p><a class=\"more-link btn\" href=\"http:\/\/team-theater-holzkirchen.de\/?page_id=128\">Weiterlesen<\/a><\/p>\n","protected":false},"author":1,"featured_media":0,"parent":32,"menu_order":-8,"comment_status":"closed","ping_status":"closed","template":"template-twocolumnsleft.php","meta":{"footnotes":""},"class_list":["post-128","page","type-page","status-publish","hentry","nodate","item-wrap"],"_links":{"self":[{"href":"http:\/\/team-theater-holzkirchen.de\/index.php?rest_route=\/wp\/v2\/pages\/128","targetHints":{"allow":["GET"]}}],"collection":[{"href":"http:\/\/team-theater-holzkirchen.de\/index.php?rest_route=\/wp\/v2\/pages"}],"about":[{"href":"http:\/\/team-theater-holzkirchen.de\/index.php?rest_route=\/wp\/v2\/types\/page"}],"author":[{"embeddable":true,"href":"http:\/\/team-theater-holzkirchen.de\/index.php?rest_route=\/wp\/v2\/users\/1"}],"replies":[{"embeddable":true,"href":"http:\/\/team-theater-holzkirchen.de\/index.php?rest_route=%2Fwp%2Fv2%2Fcomments&post=128"}],"version-history":[{"count":9,"href":"http:\/\/team-theater-holzkirchen.de\/index.php?rest_route=\/wp\/v2\/pages\/128\/revisions"}],"predecessor-version":[{"id":1165,"href":"http:\/\/team-theater-holzkirchen.de\/index.php?rest_route=\/wp\/v2\/pages\/128\/revisions\/1165"}],"up":[{"embeddable":true,"href":"http:\/\/team-theater-holzkirchen.de\/index.php?rest_route=\/wp\/v2\/pages\/32"}],"wp:attachment":[{"href":"http:\/\/team-theater-holzkirchen.de\/index.php?rest_route=%2Fwp%2Fv2%2Fmedia&parent=128"}],"curies":[{"name":"wp","href":"https:\/\/api.w.org\/{rel}","templated":true}]}}