{"id":126,"date":"2012-02-28T21:39:22","date_gmt":"2012-02-28T20:39:22","guid":{"rendered":"http:\/\/team-theater-holzkirchen.de\/wp\/?page_id=126"},"modified":"2012-10-27T14:54:33","modified_gmt":"2012-10-27T12:54:33","slug":"1998-die-hochzeit-des-figaro","status":"publish","type":"page","link":"http:\/\/team-theater-holzkirchen.de\/?page_id=126","title":{"rendered":"1998 &#8211; Die Hochzeit des Figaro"},"content":{"rendered":"<p><a href=\"http:\/\/team-theater-holzkirchen.de\/wp\/wp-content\/uploads\/1998_Plakat_Hochzeit-des-Figaro.jpg\"><img loading=\"lazy\" decoding=\"async\" class=\"alignright size-medium wp-image-894\" title=\"1998_Plakat_Hochzeit des Figaro\" src=\"http:\/\/team-theater-holzkirchen.de\/wp\/wp-content\/uploads\/1998_Plakat_Hochzeit-des-Figaro-209x300.jpg\" alt=\"\" width=\"209\" height=\"300\" srcset=\"http:\/\/team-theater-holzkirchen.de\/wp\/wp-content\/uploads\/1998_Plakat_Hochzeit-des-Figaro-209x300.jpg 209w, http:\/\/team-theater-holzkirchen.de\/wp\/wp-content\/uploads\/1998_Plakat_Hochzeit-des-Figaro-715x1024.jpg 715w, http:\/\/team-theater-holzkirchen.de\/wp\/wp-content\/uploads\/1998_Plakat_Hochzeit-des-Figaro.jpg 1728w\" sizes=\"auto, (max-width: 209px) 100vw, 209px\" \/><\/a><strong>von P. A. Caron de Beaumarchais<\/strong><\/p>\n<p>Figaro, Diener des spanischen Grafen Almaviva, erf\u00e4hrt am Morgen seiner Hochzeit mit der Zofe Suzanne von seiner Braut, dass auch ihr Herr gro\u00dfes Interesse an ihr hat. Der Graf hat zwar offiziell auf das ihm als Landesherr zustehende &#8222;Recht der ersten Nacht&#8220; verzichtet, das ihm erlaubt, die Hochzeitsnacht mit jeder seiner Untergebenen zu verbringen. Doch auf Suzanne m\u00f6chte er nicht verzichten. Figaro seinerseits will nat\u00fcrlich auf keinen Fall seine Braut mit dem Dienstherrn teilen. Andererseits muss er die Gouvernante Marceline loswerden, die ihm einen gr\u00f6\u00dferen Geldbetrag geliehen hat gegen das Versprechen, sie zu heiraten.<\/p>\n<p>Als Graf Almaviva\u00a0Suzanne aufsucht, \u00fcberrascht er dort seinen liebestollen Pagen Cherubim und erf\u00e4hrt von dem intriganten Musiklehrer Bazile, dass der J\u00fcngling auch f\u00fcr seine\u00a0Frau, Gr\u00e4fin Almaviva, schw\u00e4rmt. Um den allzu forschen Jungen loszuwerden, kommandiert der eifers\u00fcchtige Graf Cherubim zum Milit\u00e4rdienst ins entlegene Katalonien ab.<\/p>\n<p>Figaro plant inziwschen zusammen mit der Gr\u00e4fin und Suzanne eine Intrige, um den Grafen von seinen Verf\u00fchrungspl\u00e4nen abzubringen: Ein fingierter Brief, der die Gr\u00e4fin zu einem heimlichen Rendezvous l\u00e4dt, soll Almaviva ablenken. Gleichzeitig soll ihn Suzanne zu einem Stelldichein in den Schlo\u00dfpark bitten. Dort soll Cherubim, als Suzanne verkleidet, den Grafen blo\u00dfstellen.<\/p>\n<p>Aber mitten in diese Verschw\u00f6rung im Boudoir der Gr\u00e4fin platzt der Graf, und Cherubim mu\u00df \u00fcberst\u00fcrzt aus dem Fenster fl\u00fcchten.<\/p>\n<p>Ohne es zu wssen, kommt die Gouvernante Marceline den Pl\u00e4nen des Grafen zu Hilfe: Sie verklagt Figaro vor Almaviva, der auch oberster Gerichtsherr ist, weil sie ihn zur versprochenen Ehe mit ihr zwingen will. Doch w\u00e4hrend der Verhandlung stellt sich durch einen Zufall Figaros wahre Herkunft heraus. Marceline will ihn nun nicht mehr heiraten, und Graf Almaviva glaubt seine Pl\u00e4ne durchkreuzt.<\/p>\n<p>Die Gegenseite, also die Gr\u00e4fin und Suzanne, haben die Pl\u00e4ne, den Grafen ein f\u00fcr allemal vom Fremdgehen zu kurieren, jedoch l\u00e4ngts nicht aufgegeben. W\u00e4hrend der Brautkr\u00f6nungszeremonie steckt Suzanne ihrem Herrn heinlich ein Breifchen zu und l\u00e4dt ihn zu einem Stelldichein in den Park. Was der Graf &#8211; und auch der sonst so gescheite Figaro &#8211; nicht wissen. An Suzannes Stelle wird die Grafin, als Zofe verkleidet, ihren Mann zum n\u00e4chtlichen Rendezvous erwarten&#8230;<\/p>\n<p>(Quelle: Programmheft des TeamTheaterHolzkirchen)<\/p>\n","protected":false},"excerpt":{"rendered":"<p><a href=\"http:\/\/team-theater-holzkirchen.de\/wp\/wp-content\/uploads\/1998_Plakat_Hochzeit-des-Figaro.jpg\"><\/a><strong>von P. A. Caron de Beaumarchais<\/strong><\/p>\n<p>Figaro, Diener des spanischen Grafen Almaviva, erf\u00e4hrt am Morgen seiner Hochzeit mit der Zofe Suzanne von seiner Braut, dass auch ihr Herr gro\u00dfes Interesse an ihr hat. Der Graf hat zwar offiziell auf das ihm als Landesherr zustehende &#8222;Recht der ersten Nacht&#8220; verzichtet, das ihm erlaubt, die Hochzeitsnacht &hellip; <\/p>\n<p><a class=\"more-link btn\" href=\"http:\/\/team-theater-holzkirchen.de\/?page_id=126\">Weiterlesen<\/a><\/p>\n","protected":false},"author":1,"featured_media":0,"parent":32,"menu_order":-7,"comment_status":"closed","ping_status":"closed","template":"template-twocolumnsleft.php","meta":{"footnotes":""},"class_list":["post-126","page","type-page","status-publish","hentry","nodate","item-wrap"],"_links":{"self":[{"href":"http:\/\/team-theater-holzkirchen.de\/index.php?rest_route=\/wp\/v2\/pages\/126","targetHints":{"allow":["GET"]}}],"collection":[{"href":"http:\/\/team-theater-holzkirchen.de\/index.php?rest_route=\/wp\/v2\/pages"}],"about":[{"href":"http:\/\/team-theater-holzkirchen.de\/index.php?rest_route=\/wp\/v2\/types\/page"}],"author":[{"embeddable":true,"href":"http:\/\/team-theater-holzkirchen.de\/index.php?rest_route=\/wp\/v2\/users\/1"}],"replies":[{"embeddable":true,"href":"http:\/\/team-theater-holzkirchen.de\/index.php?rest_route=%2Fwp%2Fv2%2Fcomments&post=126"}],"version-history":[{"count":8,"href":"http:\/\/team-theater-holzkirchen.de\/index.php?rest_route=\/wp\/v2\/pages\/126\/revisions"}],"predecessor-version":[{"id":902,"href":"http:\/\/team-theater-holzkirchen.de\/index.php?rest_route=\/wp\/v2\/pages\/126\/revisions\/902"}],"up":[{"embeddable":true,"href":"http:\/\/team-theater-holzkirchen.de\/index.php?rest_route=\/wp\/v2\/pages\/32"}],"wp:attachment":[{"href":"http:\/\/team-theater-holzkirchen.de\/index.php?rest_route=%2Fwp%2Fv2%2Fmedia&parent=126"}],"curies":[{"name":"wp","href":"https:\/\/api.w.org\/{rel}","templated":true}]}}