{"id":124,"date":"2012-02-28T21:38:36","date_gmt":"2012-02-28T20:38:36","guid":{"rendered":"http:\/\/team-theater-holzkirchen.de\/wp\/?page_id=124"},"modified":"2012-10-27T15:02:24","modified_gmt":"2012-10-27T13:02:24","slug":"1997-arsen-und-spitzenhaubchen","status":"publish","type":"page","link":"http:\/\/team-theater-holzkirchen.de\/?page_id=124","title":{"rendered":"1997 &#8211; Arsen und Spitzenh\u00e4ubchen"},"content":{"rendered":"<p><strong>von Josef Kesselring<\/strong><\/p>\n<p>W\u00e4hrend in Europa der 2. Weltkrieg tobt, leben die Schwestern Abby und Martha Brewster friedlich in einem alten Haus neben der Kirche in Brooklyn. Liebevoll pflegen sie ihren Neffen, der sich f\u00fcr Pr\u00e4sident Teddy Roosevelt h\u00e4lt. Ihre Wohlt\u00e4tigkeit f\u00fcr Arme und Kranke ist schon fast sprichw\u00f6rtlich und ihr Hilfsbereitschaft wird in ganz Brooklyn ger\u00fchmt.<br \/>\nDer bekannte New Yorker Theaterkritiker Mortimer Brewster, ihr zweiter Neffe, besucht die beiden ab und zu und seit er die attraktive Pfarrerstochter aus der Nachbarschaft, Ellen Harper, kennengelernt hat, immer \u00f6fter.<\/p>\n<p>Die Romanze wird j\u00e4h gest\u00f6rt, als Mortimer ausgerechnet im Haus seiner Tanten eine harmlose Leiche entdeckt. Schlie\u00dflich taucht auch noch der dritte Neffe, Jonathan, auf und bringt eine weitere Leiche mit.<\/p>\n<p>Um das Ma\u00df voll zu machen, hat der Polizist O&#8217;Hara ein Theaterst\u00fcck geschrieben und will dieses nun unbedingt Mortimer Brewster vorlesen.<br \/>\nDas sind nicht die besten Voraussetzungen, wenn man ein M\u00e4dchen aus Brooklyn heiraten will. Aber da sind ja noch Tante Abby und Tante Martha&#8230;<\/p>\n<p>(Quelle: Programmheft des TeamTheaterHolzkirchen)<\/p>\n","protected":false},"excerpt":{"rendered":"<p><strong>von Josef Kesselring<\/strong><\/p>\n<p>W\u00e4hrend in Europa der 2. Weltkrieg tobt, leben die Schwestern Abby und Martha Brewster friedlich in einem alten Haus neben der Kirche in Brooklyn. Liebevoll pflegen sie ihren Neffen, der sich f\u00fcr Pr\u00e4sident Teddy Roosevelt h\u00e4lt. Ihre Wohlt\u00e4tigkeit f\u00fcr Arme und Kranke ist schon fast sprichw\u00f6rtlich und ihr Hilfsbereitschaft wird in ganz &hellip; <\/p>\n<p><a class=\"more-link btn\" href=\"http:\/\/team-theater-holzkirchen.de\/?page_id=124\">Weiterlesen<\/a><\/p>\n","protected":false},"author":1,"featured_media":1065,"parent":32,"menu_order":-6,"comment_status":"closed","ping_status":"closed","template":"template-twocolumnsleft.php","meta":{"footnotes":""},"class_list":["post-124","page","type-page","status-publish","has-post-thumbnail","hentry","nodate","item-wrap"],"_links":{"self":[{"href":"http:\/\/team-theater-holzkirchen.de\/index.php?rest_route=\/wp\/v2\/pages\/124","targetHints":{"allow":["GET"]}}],"collection":[{"href":"http:\/\/team-theater-holzkirchen.de\/index.php?rest_route=\/wp\/v2\/pages"}],"about":[{"href":"http:\/\/team-theater-holzkirchen.de\/index.php?rest_route=\/wp\/v2\/types\/page"}],"author":[{"embeddable":true,"href":"http:\/\/team-theater-holzkirchen.de\/index.php?rest_route=\/wp\/v2\/users\/1"}],"replies":[{"embeddable":true,"href":"http:\/\/team-theater-holzkirchen.de\/index.php?rest_route=%2Fwp%2Fv2%2Fcomments&post=124"}],"version-history":[{"count":7,"href":"http:\/\/team-theater-holzkirchen.de\/index.php?rest_route=\/wp\/v2\/pages\/124\/revisions"}],"predecessor-version":[{"id":1159,"href":"http:\/\/team-theater-holzkirchen.de\/index.php?rest_route=\/wp\/v2\/pages\/124\/revisions\/1159"}],"up":[{"embeddable":true,"href":"http:\/\/team-theater-holzkirchen.de\/index.php?rest_route=\/wp\/v2\/pages\/32"}],"wp:featuredmedia":[{"embeddable":true,"href":"http:\/\/team-theater-holzkirchen.de\/index.php?rest_route=\/wp\/v2\/media\/1065"}],"wp:attachment":[{"href":"http:\/\/team-theater-holzkirchen.de\/index.php?rest_route=%2Fwp%2Fv2%2Fmedia&parent=124"}],"curies":[{"name":"wp","href":"https:\/\/api.w.org\/{rel}","templated":true}]}}