{"id":122,"date":"2012-02-28T21:37:54","date_gmt":"2012-02-28T20:37:54","guid":{"rendered":"http:\/\/team-theater-holzkirchen.de\/wp\/?page_id=122"},"modified":"2012-10-27T16:27:45","modified_gmt":"2012-10-27T14:27:45","slug":"1996-geschichten-aus-dem-wienerwald","status":"publish","type":"page","link":"http:\/\/team-theater-holzkirchen.de\/?page_id=122","title":{"rendered":"1996 &#8211; Geschichten aus dem Wienerwald"},"content":{"rendered":"<p><strong>von \u00d6d\u00f6n von Horvath<\/strong><\/p>\n<p><strong><\/strong>Marianne, die Tochter von Zauberk\u00f6nig, dem Besitzer der Puppenklinik im 8. Bezirk, und Oskar, Inhaber der benachbarten Fleischerei sollen heiraten. Nachdem das Trauerjahr wegen des Todes von Oskars Mutter vorbei ist, soll in den Dionauauen die Verlobung gefeiert werden.<\/p>\n<p>W\u00e4hrend der Feier verliebt sich Marianne aber in Alfred, einen leichtlebigen Parvenu, der sich von seinen Liebschaften aushalten l\u00e4\u00dft, zuletzt von der dem Zauberk\u00f6nig benachbarten Trafikantin Mathilde, ansonsten jedoch von Gewinnen bei Pferdewetten lebt. Marianne l\u00f6st die Verlobung und bleibt bei Alfred, von dem sie ein Kind bekommt.<\/p>\n<p>Der Vater reagiert mit Unverst\u00e4ndnis und verst\u00f6\u00dft seine Tochter. Alfred l\u00e4\u00dft Marianne sitzen und setzt sich nach Frankreich ab. Marianne versucht sich durchzuschlagen. Das Kind bringt sie bei Leuten auf dem Land unter. Um das Geld daf\u00fcr aufzutreiben mu\u00df sie die schlimmsten Arbeiten annehmen. Schlie\u00dflich landet sie f\u00fcr kargen Lohn als Nackt\u00e4nzerin in einer Bar. Dort wird sie von ihrem Vater entdeckt. Ein Ausspracheversuch schl\u00e4gt fehl. Als sie schlie\u00dflich auch noch bei einem ungeschickten Taschendiebstahlversuch ertappt wird, trifft Zauberk\u00f6nig der Schlag.<\/p>\n<p>Alfred, dem es nicht besonders gut geht, kommt zur\u00fcck, um vielleicht wieder bei Mathilde unterkommen zu k\u00f6nnen, die ihren nun gel\u00e4hmten Nachbarn pflegt. Als Marianne aus dem Gef\u00e4gnis entlassen wird, beschlie\u00dft Mathilde Vater und Tochter miteinander zu vers\u00f6hnen. Dies gelingt ihr und Zauberk\u00f6nig erholt sich sogar wieder von seinem Schlaganfall. In der allgemeinen Freude wird beschlossen Mariannes Kind wieder nach Hause zu holen. Doch das Kind ist in der Donau ertrunken. Damit sind f\u00fcr Oskar alle Hindernisse Marianne zu heiraten beseitigt.<\/p>\n<p>(Quelle: Programmheft des TeamTheaterHolzkirchen)<\/p>\n","protected":false},"excerpt":{"rendered":"<p><strong>von \u00d6d\u00f6n von Horvath<\/strong><\/p>\n<p><strong><\/strong>Marianne, die Tochter von Zauberk\u00f6nig, dem Besitzer der Puppenklinik im 8. Bezirk, und Oskar, Inhaber der benachbarten Fleischerei sollen heiraten. Nachdem das Trauerjahr wegen des Todes von Oskars Mutter vorbei ist, soll in den Dionauauen die Verlobung gefeiert werden.<\/p>\n<p>W\u00e4hrend der Feier verliebt sich Marianne aber in Alfred, einen leichtlebigen Parvenu, &hellip; <\/p>\n<p><a class=\"more-link btn\" href=\"http:\/\/team-theater-holzkirchen.de\/?page_id=122\">Weiterlesen<\/a><\/p>\n","protected":false},"author":1,"featured_media":1081,"parent":32,"menu_order":-5,"comment_status":"closed","ping_status":"closed","template":"template-twocolumnsleft.php","meta":{"footnotes":""},"class_list":["post-122","page","type-page","status-publish","has-post-thumbnail","hentry","nodate","item-wrap"],"_links":{"self":[{"href":"http:\/\/team-theater-holzkirchen.de\/index.php?rest_route=\/wp\/v2\/pages\/122","targetHints":{"allow":["GET"]}}],"collection":[{"href":"http:\/\/team-theater-holzkirchen.de\/index.php?rest_route=\/wp\/v2\/pages"}],"about":[{"href":"http:\/\/team-theater-holzkirchen.de\/index.php?rest_route=\/wp\/v2\/types\/page"}],"author":[{"embeddable":true,"href":"http:\/\/team-theater-holzkirchen.de\/index.php?rest_route=\/wp\/v2\/users\/1"}],"replies":[{"embeddable":true,"href":"http:\/\/team-theater-holzkirchen.de\/index.php?rest_route=%2Fwp%2Fv2%2Fcomments&post=122"}],"version-history":[{"count":8,"href":"http:\/\/team-theater-holzkirchen.de\/index.php?rest_route=\/wp\/v2\/pages\/122\/revisions"}],"predecessor-version":[{"id":1087,"href":"http:\/\/team-theater-holzkirchen.de\/index.php?rest_route=\/wp\/v2\/pages\/122\/revisions\/1087"}],"up":[{"embeddable":true,"href":"http:\/\/team-theater-holzkirchen.de\/index.php?rest_route=\/wp\/v2\/pages\/32"}],"wp:featuredmedia":[{"embeddable":true,"href":"http:\/\/team-theater-holzkirchen.de\/index.php?rest_route=\/wp\/v2\/media\/1081"}],"wp:attachment":[{"href":"http:\/\/team-theater-holzkirchen.de\/index.php?rest_route=%2Fwp%2Fv2%2Fmedia&parent=122"}],"curies":[{"name":"wp","href":"https:\/\/api.w.org\/{rel}","templated":true}]}}