{"id":111,"date":"2012-02-28T21:34:09","date_gmt":"2012-02-28T20:34:09","guid":{"rendered":"http:\/\/team-theater-holzkirchen.de\/wp\/?page_id=111"},"modified":"2012-10-15T11:13:11","modified_gmt":"2012-10-15T09:13:11","slug":"1991-der-trauschein","status":"publish","type":"page","link":"http:\/\/team-theater-holzkirchen.de\/?page_id=111","title":{"rendered":"1991 &#8211; Der Trauschein"},"content":{"rendered":"<p><strong><a href=\"http:\/\/team-theater-holzkirchen.de\/wp\/wp-content\/uploads\/1991_Plakat_Der-Trauschein.jpg\"><img loading=\"lazy\" decoding=\"async\" class=\"alignright size-medium wp-image-884\" title=\"1991_Plakat_Der Trauschein\" src=\"http:\/\/team-theater-holzkirchen.de\/wp\/wp-content\/uploads\/1991_Plakat_Der-Trauschein-224x300.jpg\" alt=\"\" width=\"224\" height=\"300\" srcset=\"http:\/\/team-theater-holzkirchen.de\/wp\/wp-content\/uploads\/1991_Plakat_Der-Trauschein-224x300.jpg 224w, http:\/\/team-theater-holzkirchen.de\/wp\/wp-content\/uploads\/1991_Plakat_Der-Trauschein-768x1024.jpg 768w, http:\/\/team-theater-holzkirchen.de\/wp\/wp-content\/uploads\/1991_Plakat_Der-Trauschein.jpg 1704w\" sizes=\"auto, (max-width: 224px) 100vw, 224px\" \/><\/a>von Ephraim Kishon<\/strong><\/p>\n<p>Die Ehe des Klempnermeisters Daniel Brozowsky und seiner Frau Ella ger\u00e4t pl\u00f6tzlich ins Wanken, als Tochter Vicky sich ausgerechnet den pedantischen Robert zum Br\u00e4utigam erw\u00e4hlt hat, dessen nicht minder ordnungsliebende Mutter darauf besteht, dass ihr Sohn nur ordnungsgem\u00e4\u00df verheiratete Schwiegereltern bekommt. Dummerweise k\u00f6nnen diese nicht nur den schriftlichen Nachweis ihrer Eheschlie\u00dfung, ihren Trauschein, nicht finden, sie k\u00f6nnen sich nach 25 Jahren auch nicht mehr so genau erinnern, ob sie damals \u00fcberhaupt richtig zum Heiraten gekommen sind. Auch ein Anruf beim Kibbutz, in dem Daniel und Ella sich kennengelernt haben, hilft nicht weiter. Statt des damaligen Kibbutz-Sekret\u00e4rs schickt der Kibbutz Bunky vorbei, einen jungen Feldarbeiter, der zuf\u00e4llig in der Stadt zu tun hat, um die Sache zu kl\u00e4ren. Bunky versucht zun\u00e4chst, diesen Besuch so schnell wie m\u00f6glich hinter sich zu bringen &#8211; bis er Vicky erblickt. Ella und Daniel beginnen inzwischen die neue Situation auszuleben. Dazu kommt Rose, eine verwitwete Nachbarin, die Daniel f\u00fcr ihren Traummann h\u00e4lt. Ob das gut geht?<\/p>\n","protected":false},"excerpt":{"rendered":"<p><strong><a href=\"http:\/\/team-theater-holzkirchen.de\/wp\/wp-content\/uploads\/1991_Plakat_Der-Trauschein.jpg\"><\/a>von Ephraim Kishon<\/strong><\/p>\n<p>Die Ehe des Klempnermeisters Daniel Brozowsky und seiner Frau Ella ger\u00e4t pl\u00f6tzlich ins Wanken, als Tochter Vicky sich ausgerechnet den pedantischen Robert zum Br\u00e4utigam erw\u00e4hlt hat, dessen nicht minder ordnungsliebende Mutter darauf besteht, dass ihr Sohn nur ordnungsgem\u00e4\u00df verheiratete Schwiegereltern bekommt. Dummerweise k\u00f6nnen diese nicht nur den schriftlichen Nachweis ihrer Eheschlie\u00dfung, &hellip; <\/p>\n<p><a class=\"more-link btn\" href=\"http:\/\/team-theater-holzkirchen.de\/?page_id=111\">Weiterlesen<\/a><\/p>\n","protected":false},"author":1,"featured_media":0,"parent":32,"menu_order":-1,"comment_status":"closed","ping_status":"closed","template":"template-twocolumnsleft.php","meta":{"footnotes":""},"class_list":["post-111","page","type-page","status-publish","hentry","nodate","item-wrap"],"_links":{"self":[{"href":"http:\/\/team-theater-holzkirchen.de\/index.php?rest_route=\/wp\/v2\/pages\/111","targetHints":{"allow":["GET"]}}],"collection":[{"href":"http:\/\/team-theater-holzkirchen.de\/index.php?rest_route=\/wp\/v2\/pages"}],"about":[{"href":"http:\/\/team-theater-holzkirchen.de\/index.php?rest_route=\/wp\/v2\/types\/page"}],"author":[{"embeddable":true,"href":"http:\/\/team-theater-holzkirchen.de\/index.php?rest_route=\/wp\/v2\/users\/1"}],"replies":[{"embeddable":true,"href":"http:\/\/team-theater-holzkirchen.de\/index.php?rest_route=%2Fwp%2Fv2%2Fcomments&post=111"}],"version-history":[{"count":7,"href":"http:\/\/team-theater-holzkirchen.de\/index.php?rest_route=\/wp\/v2\/pages\/111\/revisions"}],"predecessor-version":[{"id":885,"href":"http:\/\/team-theater-holzkirchen.de\/index.php?rest_route=\/wp\/v2\/pages\/111\/revisions\/885"}],"up":[{"embeddable":true,"href":"http:\/\/team-theater-holzkirchen.de\/index.php?rest_route=\/wp\/v2\/pages\/32"}],"wp:attachment":[{"href":"http:\/\/team-theater-holzkirchen.de\/index.php?rest_route=%2Fwp%2Fv2%2Fmedia&parent=111"}],"curies":[{"name":"wp","href":"https:\/\/api.w.org\/{rel}","templated":true}]}}