{"id":106,"date":"2012-02-28T21:16:53","date_gmt":"2012-02-28T20:16:53","guid":{"rendered":"http:\/\/team-theater-holzkirchen.de\/wp\/?page_id=106"},"modified":"2012-10-15T11:29:01","modified_gmt":"2012-10-15T09:29:01","slug":"der-besuch-der-alten-dame","status":"publish","type":"page","link":"http:\/\/team-theater-holzkirchen.de\/?page_id=106","title":{"rendered":"1994 &#8211; Der Besuch der Alten Dame"},"content":{"rendered":"<p><strong><a href=\"http:\/\/team-theater-holzkirchen.de\/wp\/wp-content\/uploads\/1993_Plakat_Der-Besuch-der-alten-Dame.jpg\"><img loading=\"lazy\" decoding=\"async\" class=\"alignright size-medium wp-image-899\" title=\"1993_Plakat_Der Besuch der alten Dame\" src=\"http:\/\/team-theater-holzkirchen.de\/wp\/wp-content\/uploads\/1993_Plakat_Der-Besuch-der-alten-Dame-224x300.jpg\" alt=\"\" width=\"224\" height=\"300\" srcset=\"http:\/\/team-theater-holzkirchen.de\/wp\/wp-content\/uploads\/1993_Plakat_Der-Besuch-der-alten-Dame-224x300.jpg 224w, http:\/\/team-theater-holzkirchen.de\/wp\/wp-content\/uploads\/1993_Plakat_Der-Besuch-der-alten-Dame-768x1024.jpg 768w, http:\/\/team-theater-holzkirchen.de\/wp\/wp-content\/uploads\/1993_Plakat_Der-Besuch-der-alten-Dame.jpg 1704w\" sizes=\"auto, (max-width: 224px) 100vw, 224px\" \/><\/a>von Friedrich D\u00fcrrenmatt<\/strong><\/p>\n<p>Die Milliard\u00e4rin Claire Zachanassian besucht die verarmte Kleinstadt G\u00fcllen, in der sie einst ihre Kindheit und Jugend als Klara (\u201eKl\u00e4ri\u201c) W\u00e4scher verbracht hat. W\u00e4hrend die Einwohner auf finanzielle Zuwendungen und Investitionen hoffen, will Claire vor allem Rache f\u00fcr ein altes Unrecht: Als sie im Alter von 17 Jahren von dem 19-j\u00e4hrigen G\u00fcllener Alfred Ill (I-L-L) ein Kind erwartete, leugnete dieser die Vaterschaft und gewann mit Hilfe bestochener Zeugen den von Klara gegen ihn angestrengten Prozess. Entehrt, wehrlos und arm musste Klara W\u00e4scher ihre Heimat verlassen, verlor ihr Kind, wurde zur Prostituierten&#8230;<\/p>\n<p>&#8230;nun kommt Sie zur\u00fcck in ihre alte Heimat und will Vergeltung.<\/p>\n","protected":false},"excerpt":{"rendered":"<p><strong><a href=\"http:\/\/team-theater-holzkirchen.de\/wp\/wp-content\/uploads\/1993_Plakat_Der-Besuch-der-alten-Dame.jpg\"><\/a>von Friedrich D\u00fcrrenmatt<\/strong><\/p>\n<p>Die Milliard\u00e4rin Claire Zachanassian besucht die verarmte Kleinstadt G\u00fcllen, in der sie einst ihre Kindheit und Jugend als Klara (\u201eKl\u00e4ri\u201c) W\u00e4scher verbracht hat. W\u00e4hrend die Einwohner auf finanzielle Zuwendungen und Investitionen hoffen, will Claire vor allem Rache f\u00fcr ein altes Unrecht: Als sie im Alter von 17 Jahren von dem 19-j\u00e4hrigen &hellip; <\/p>\n<p><a class=\"more-link btn\" href=\"http:\/\/team-theater-holzkirchen.de\/?page_id=106\">Weiterlesen<\/a><\/p>\n","protected":false},"author":1,"featured_media":0,"parent":32,"menu_order":-3,"comment_status":"closed","ping_status":"closed","template":"template-twocolumnsleft.php","meta":{"footnotes":""},"class_list":["post-106","page","type-page","status-publish","hentry","nodate","item-wrap"],"_links":{"self":[{"href":"http:\/\/team-theater-holzkirchen.de\/index.php?rest_route=\/wp\/v2\/pages\/106","targetHints":{"allow":["GET"]}}],"collection":[{"href":"http:\/\/team-theater-holzkirchen.de\/index.php?rest_route=\/wp\/v2\/pages"}],"about":[{"href":"http:\/\/team-theater-holzkirchen.de\/index.php?rest_route=\/wp\/v2\/types\/page"}],"author":[{"embeddable":true,"href":"http:\/\/team-theater-holzkirchen.de\/index.php?rest_route=\/wp\/v2\/users\/1"}],"replies":[{"embeddable":true,"href":"http:\/\/team-theater-holzkirchen.de\/index.php?rest_route=%2Fwp%2Fv2%2Fcomments&post=106"}],"version-history":[{"count":9,"href":"http:\/\/team-theater-holzkirchen.de\/index.php?rest_route=\/wp\/v2\/pages\/106\/revisions"}],"predecessor-version":[{"id":901,"href":"http:\/\/team-theater-holzkirchen.de\/index.php?rest_route=\/wp\/v2\/pages\/106\/revisions\/901"}],"up":[{"embeddable":true,"href":"http:\/\/team-theater-holzkirchen.de\/index.php?rest_route=\/wp\/v2\/pages\/32"}],"wp:attachment":[{"href":"http:\/\/team-theater-holzkirchen.de\/index.php?rest_route=%2Fwp%2Fv2%2Fmedia&parent=106"}],"curies":[{"name":"wp","href":"https:\/\/api.w.org\/{rel}","templated":true}]}}